{"id":244,"date":"2013-01-31T10:08:48","date_gmt":"2013-01-31T13:08:48","guid":{"rendered":"https:\/\/stetsom.com.br\/\/pt\/?page_id=244"},"modified":"2013-04-16T09:17:14","modified_gmt":"2013-04-16T12:17:14","slug":"assistencias-tecnica","status":"publish","type":"page","link":"https:\/\/stetsom.com.br\/es\/assistencias-tecnica\/","title":{"rendered":"Asistencias T\u00e9cnica"},"content":{"rendered":"","protected":false},"excerpt":{"rendered":"","protected":false},"author":50,"featured_media":0,"parent":0,"menu_order":0,"comment_status":"open","ping_status":"closed","template":"page-represassist.php","meta":[],"yoast_head":"<!-- This site is optimized with the Yoast SEO plugin v20.7 - https:\/\/yoast.com\/wordpress\/plugins\/seo\/ -->\n<title>Assist\u00eancias T\u00e9cnicaTechnical AssistanceAsistencias T\u00e9cnica - Stetsom<\/title>\n<meta name=\"robots\" content=\"index, follow, max-snippet:-1, max-image-preview:large, max-video-preview:-1\" \/>\n<link rel=\"canonical\" href=\"https:\/\/stetsom.com.br\/pt\/assistencias-tecnica\/\" \/>\n<meta property=\"og:locale\" content=\"es_ES\" \/>\n<meta property=\"og:type\" content=\"article\" \/>\n<meta property=\"og:title\" content=\"Assist\u00eancias T\u00e9cnicaTechnical AssistanceAsistencias T\u00e9cnica - Stetsom\" \/>\n<meta property=\"og:url\" content=\"https:\/\/stetsom.com.br\/pt\/assistencias-tecnica\/\" \/>\n<meta property=\"og:site_name\" content=\"Stetsom\" \/>\n<meta property=\"article:modified_time\" content=\"2013-04-16T12:17:14+00:00\" \/>\n<meta name=\"twitter:card\" content=\"summary_large_image\" \/>\n<script type=\"application\/ld+json\" class=\"yoast-schema-graph\">{\"@context\":\"https:\/\/schema.org\",\"@graph\":[{\"@type\":\"WebPage\",\"@id\":\"https:\/\/stetsom.com.br\/pt\/assistencias-tecnica\/\",\"url\":\"https:\/\/stetsom.com.br\/pt\/assistencias-tecnica\/\",\"name\":\"Assist\u00eancias T\u00e9cnicaTechnical AssistanceAsistencias T\u00e9cnica - Stetsom\",\"isPartOf\":{\"@id\":\"https:\/\/stetsom.com.br\/pt\/#website\"},\"datePublished\":\"2013-01-31T13:08:48+00:00\",\"dateModified\":\"2013-04-16T12:17:14+00:00\",\"breadcrumb\":{\"@id\":\"https:\/\/stetsom.com.br\/pt\/assistencias-tecnica\/#breadcrumb\"},\"inLanguage\":\"es\",\"potentialAction\":[{\"@type\":\"ReadAction\",\"target\":[\"https:\/\/stetsom.com.br\/pt\/assistencias-tecnica\/\"]}]},{\"@type\":\"BreadcrumbList\",\"@id\":\"https:\/\/stetsom.com.br\/pt\/assistencias-tecnica\/#breadcrumb\",\"itemListElement\":[{\"@type\":\"ListItem\",\"position\":1,\"name\":\"Home\",\"item\":\"https:\/\/stetsom.com.br\/pt\/\"},{\"@type\":\"ListItem\",\"position\":2,\"name\":\"Assist\u00eancias T\u00e9cnica\"}]},{\"@type\":\"WebSite\",\"@id\":\"https:\/\/stetsom.com.br\/pt\/#website\",\"url\":\"https:\/\/stetsom.com.br\/pt\/\",\"name\":\"Stetsom\",\"description\":\"Stetsom\",\"potentialAction\":[{\"@type\":\"SearchAction\",\"target\":{\"@type\":\"EntryPoint\",\"urlTemplate\":\"https:\/\/stetsom.com.br\/pt\/?s={search_term_string}\"},\"query-input\":\"required name=search_term_string\"}],\"inLanguage\":\"es\"}]}<\/script>\n<!-- \/ Yoast SEO plugin. -->","yoast_head_json":{"title":"Assist\u00eancias T\u00e9cnicaTechnical AssistanceAsistencias T\u00e9cnica - Stetsom","robots":{"index":"index","follow":"follow","max-snippet":"max-snippet:-1","max-image-preview":"max-image-preview:large","max-video-preview":"max-video-preview:-1"},"canonical":"https:\/\/stetsom.com.br\/pt\/assistencias-tecnica\/","og_locale":"es_ES","og_type":"article","og_title":"Assist\u00eancias T\u00e9cnicaTechnical AssistanceAsistencias T\u00e9cnica - Stetsom","og_url":"https:\/\/stetsom.com.br\/pt\/assistencias-tecnica\/","og_site_name":"Stetsom","article_modified_time":"2013-04-16T12:17:14+00:00","twitter_card":"summary_large_image","schema":{"@context":"https:\/\/schema.org","@graph":[{"@type":"WebPage","@id":"https:\/\/stetsom.com.br\/pt\/assistencias-tecnica\/","url":"https:\/\/stetsom.com.br\/pt\/assistencias-tecnica\/","name":"Assist\u00eancias T\u00e9cnicaTechnical AssistanceAsistencias T\u00e9cnica - Stetsom","isPartOf":{"@id":"https:\/\/stetsom.com.br\/pt\/#website"},"datePublished":"2013-01-31T13:08:48+00:00","dateModified":"2013-04-16T12:17:14+00:00","breadcrumb":{"@id":"https:\/\/stetsom.com.br\/pt\/assistencias-tecnica\/#breadcrumb"},"inLanguage":"es","potentialAction":[{"@type":"ReadAction","target":["https:\/\/stetsom.com.br\/pt\/assistencias-tecnica\/"]}]},{"@type":"BreadcrumbList","@id":"https:\/\/stetsom.com.br\/pt\/assistencias-tecnica\/#breadcrumb","itemListElement":[{"@type":"ListItem","position":1,"name":"Home","item":"https:\/\/stetsom.com.br\/pt\/"},{"@type":"ListItem","position":2,"name":"Assist\u00eancias T\u00e9cnica"}]},{"@type":"WebSite","@id":"https:\/\/stetsom.com.br\/pt\/#website","url":"https:\/\/stetsom.com.br\/pt\/","name":"Stetsom","description":"Stetsom","potentialAction":[{"@type":"SearchAction","target":{"@type":"EntryPoint","urlTemplate":"https:\/\/stetsom.com.br\/pt\/?s={search_term_string}"},"query-input":"required name=search_term_string"}],"inLanguage":"es"}]}},"_links":{"self":[{"href":"https:\/\/stetsom.com.br\/es\/wp-json\/wp\/v2\/pages\/244"}],"collection":[{"href":"https:\/\/stetsom.com.br\/es\/wp-json\/wp\/v2\/pages"}],"about":[{"href":"https:\/\/stetsom.com.br\/es\/wp-json\/wp\/v2\/types\/page"}],"author":[{"embeddable":true,"href":"https:\/\/stetsom.com.br\/es\/wp-json\/wp\/v2\/users\/50"}],"replies":[{"embeddable":true,"href":"https:\/\/stetsom.com.br\/es\/wp-json\/wp\/v2\/comments?post=244"}],"version-history":[{"count":11,"href":"https:\/\/stetsom.com.br\/es\/wp-json\/wp\/v2\/pages\/244\/revisions"}],"predecessor-version":[{"id":1112,"href":"https:\/\/stetsom.com.br\/es\/wp-json\/wp\/v2\/pages\/244\/revisions\/1112"}],"wp:attachment":[{"href":"https:\/\/stetsom.com.br\/es\/wp-json\/wp\/v2\/media?parent=244"}],"curies":[{"name":"wp","href":"https:\/\/api.w.org\/{rel}","templated":true}]}}