{"id":4385,"date":"2018-11-19T14:21:30","date_gmt":"2018-11-19T17:21:30","guid":{"rendered":"https:\/\/stetsom.com.br\/?page_id=4385"},"modified":"2024-05-13T11:57:29","modified_gmt":"2024-05-13T11:57:29","slug":"politica-de-privacidade","status":"publish","type":"page","link":"https:\/\/stetsom.com.br\/es\/politica-de-privacidade\/","title":{"rendered":"Pol\u00edtica de Privacidad"},"content":{"rendered":"<p>Tu privacidad es importante para nosotros. Es pol\u00edtica de STETSOM respetar tu privacidad con respecto a cualquier informaci\u00f3n que podamos recopilar mientras operamos nuestro sitio web stetsom.com.br, y otros sitios que poseemos y operamos. Solo solicitamos informaci\u00f3n personal cuando realmente la necesitamos para brindarte un servicio. Lo hacemos de manera justa y legal, con tu conocimiento y consentimiento. Tambi\u00e9n te informamos por qu\u00e9 la estamos recopilando y c\u00f3mo se utilizar\u00e1. Solo conservamos la informaci\u00f3n recopilada durante el tiempo necesario para proporcionar el servicio solicitado. Cuando almacenamos datos, los protegemos de manera comercialmente aceptable para evitar p\u00e9rdidas y robos, as\u00ed como el acceso no autorizado, la divulgaci\u00f3n, la copia, el uso o la modificaci\u00f3n. No compartimos informaci\u00f3n personalmente identificable p\u00fablicamente ni con terceros, excepto cuando lo exige la ley. Nuestro sitio web puede contener enlaces a sitios externos que no son operados por nosotros. Ten en cuenta que no tenemos control sobre el contenido y las pr\u00e1cticas de estos sitios y no podemos aceptar responsabilidad por sus respectivas pol\u00edticas de privacidad. Eres libre de rechazar nuestra solicitud de informaci\u00f3n personal, entendiendo que es posible que no podamos proporcionarte algunos de los servicios deseados.<\/p>\n<p><strong><b>Controlador<\/b><\/strong><\/p>\n<p>En cumplimiento de lo establecido en la Ley 13.709 de 2018 (Ley General de Protecci\u00f3n de Datos &#8211; LGPD), el Usuario registra su expresi\u00f3n libre, informada y inequ\u00edvoca por la cual acepta el tratamiento de datos personales, con fines determinados por STETSOM Ind\u00fastria Eletr\u00f4nica Ltda., inscrita en el CNPJ\/MF 61.974.911\/0001-04, con domicilio en Rua Mariano Arenales Benito, N\u00famero: 645, C\u00f3digo Postal: 19043-130 &#8211; Distrito Industrial, establecida en el municipio de Presidente Prudente, estado de S\u00e3o Paulo, en adelante referido como el controlador, designado aqu\u00ed como STETSOM, para que pueda tomar decisiones con respecto al tratamiento de datos personales y\/o datos personales sensibles, as\u00ed como para llevar a cabo el procesamiento de dichos datos, involucrando operaciones como la recopilaci\u00f3n, producci\u00f3n, recepci\u00f3n, clasificaci\u00f3n, uso, acceso, reproducci\u00f3n, transmisi\u00f3n, distribuci\u00f3n, procesamiento, archivo, almacenamiento, evaluaci\u00f3n o control de informaci\u00f3n, comunicaci\u00f3n, transferencia, difusi\u00f3n o extracci\u00f3n.<\/p>\n<p>&nbsp;<\/p>\n<p><strong><b>Pol\u00edtica de cookies &#8211; STETSOM<\/b><\/strong><\/p>\n<p><strong><b>\u00bfQu\u00e9 son las cookies?<\/b><\/strong><\/p>\n<p>Como es pr\u00e1ctica com\u00fan en casi todos los sitios web profesionales, este sitio utiliza cookies, que son peque\u00f1os archivos descargados en su computadora, para mejorar su experiencia. Esta p\u00e1gina describe qu\u00e9 informaci\u00f3n recopilan, c\u00f3mo la usamos y por qu\u00e9 a veces necesitamos almacenar estas cookies. Tambi\u00e9n compartiremos c\u00f3mo puede evitar que se almacenen estas cookies; sin embargo, esto puede disminuir o &#8216;romper&#8217; ciertos elementos de la funcionalidad del sitio.<\/p>\n<p><strong><b>\u00bfC\u00f3mo usamos las cookies?<\/b><\/strong><\/p>\n<p>Utilizamos cookies por varias razones, detalladas a continuaci\u00f3n. Desafortunadamente, en la mayor\u00eda de los casos, no hay opciones est\u00e1ndar de la industria para deshabilitar las cookies sin desactivar completamente la funcionalidad y las caracter\u00edsticas que agregan a este sitio. Se recomienda que deje todas las cookies activadas si no est\u00e1 seguro de si las necesita o no, en caso de que se utilicen para proporcionar un servicio que usted utiliza.<\/p>\n<p><strong><b>Deshabilitar cookies<\/b><\/strong><\/p>\n<p>Puede evitar que se establezcan cookies ajustando la configuraci\u00f3n de su navegador (a continuaci\u00f3n, encontrar\u00e1 algunos enlaces sobre c\u00f3mo eliminar cookies en algunos navegadores). Tenga en cuenta que deshabilitar las cookies afectar\u00e1 la funcionalidad de este y muchos otros sitios web que visite. Deshabilitar las cookies generalmente resultar\u00e1 en la desactivaci\u00f3n de ciertas funcionalidades y caracter\u00edsticas de este sitio. Por lo tanto, se recomienda que no desactive las cookies.<\/p>\n<p><span style=\"font-weight: 400;\">Firefox<\/span><\/p>\n<p><span style=\"font-weight: 400;\">Chrome<\/span><\/p>\n<p><span style=\"font-weight: 400;\">Safari<\/span><\/p>\n<p><span style=\"font-weight: 400;\">Internet Explorer<\/span><\/p>\n<p><span style=\"font-weight: 400;\">Cookies we set<\/span><\/p>\n<p><strong><b>Cookies relacionadas con el inicio de sesi\u00f3n<\/b><\/strong><\/p>\n<p>Utilizamos cookies cuando est\u00e1s conectado o registrando tu curr\u00edculum, para poder recordar esta acci\u00f3n. Esto evita que tengas que iniciar sesi\u00f3n cada vez que visitas una p\u00e1gina nueva. Estas cookies se eliminan o borran t\u00edpicamente cuando cierras la sesi\u00f3n para asegurar que solo puedas acceder a funciones y \u00e1reas restringidas estando conectado.<\/p>\n<p><strong><b>\u00a0<\/b><\/strong><\/p>\n<p><strong><b>Cookies relacionadas con el banner<\/b><\/strong><\/p>\n<p>Habr\u00e1 ocasiones en las que mostraremos un anuncio de servicio p\u00fablico a nuestros visitantes. En estas ocasiones, estas cookies se utilizar\u00e1n para asegurar que el aviso se muestre solo en tu primer acceso. Estas cookies no son persistentes y se eliminar\u00e1n cuando cierres tu navegador.<\/p>\n<p><strong><b>\u00a0<\/b><\/strong><\/p>\n<p><strong><b>Cookies relacionadas con la seguridad<\/b><\/strong><\/p>\n<p>Utilizamos estas cookies para proporcionar una capa adicional de protecci\u00f3n. Almacenan tokens que son verificados en el servidor para prevenir ciertos tipos de ataques.<\/p>\n<p><strong><b>\u00a0<\/b><\/strong><\/p>\n<p><strong><b>Cookies de gesti\u00f3n de consentimiento<\/b><\/strong><\/p>\n<p>Utilizamos estas cookies para gestionar el consentimiento de nuestros visitantes a nuestra pol\u00edtica de cookies. Ser\u00e1n responsables de almacenar tus opciones con respecto a nuestra pol\u00edtica de cookies e identificar cu\u00e1ndo es necesario mostrar la opci\u00f3n para que el usuario acepte las cookies.<\/p>\n<h2><\/h2>\n<table class=\"table\">\n<thead>\n<tr>\n<th><strong>COOKIE NAME<\/strong><\/th>\n<th><strong>DESCRIPTION<\/strong><\/th>\n<th><strong> CATEGORY<\/strong><\/th>\n<th><strong>DURATION<\/strong><\/th>\n<\/tr>\n<\/thead>\n<tbody>\n<tr>\n<td>cookielawinfo-checkbox-analytics<\/td>\n<td>Esta cookie es establecida por el complemento de consentimiento de cookies GDPR. Se utiliza para almacenar el consentimiento del usuario para las cookies en la categor\u00eda \u00abAnalytics\u00bb.<\/td>\n<td>Analytics<\/td>\n<td><span style=\"font-weight: 400;\"><span style=\"font-weight: 400;\">11 M<\/span><\/span>eses<\/td>\n<\/tr>\n<tr>\n<td>cookielawinfo-checkbox-functional<\/td>\n<td>La cookie es establecida por el consentimiento de cookies GDPR para registrar el consentimiento del usuario para las cookies en la categor\u00eda \u00abFuncional\u00bb.<\/td>\n<td>Funcional<\/td>\n<td><span style=\"font-weight: 400;\">11 Meses<\/span><\/td>\n<\/tr>\n<tr>\n<td>cookielawinfo-checkbox-necessary<\/td>\n<td>Esta cookie es establecida por el complemento de consentimiento de cookies GDPR. Se utilizan para almacenar el consentimiento del usuario para las cookies en la categor\u00eda \u00abNecesario\u00bb.<\/td>\n<td>Necesario<\/td>\n<td><span style=\"font-weight: 400;\">11 Meses<\/span><\/td>\n<\/tr>\n<tr>\n<td>cookielawinfo-checkbox-others<\/td>\n<td>Esta cookie es establecida por el complemento de consentimiento de cookies GDPR. Se utiliza para almacenar el consentimiento del usuario para las cookies en la categor\u00eda \u00abOtros\u00bb.<\/td>\n<td>Otros<\/td>\n<td><span style=\"font-weight: 400;\">11 Meses<\/span><\/td>\n<\/tr>\n<tr>\n<td>cookielawinfo-checkbox-performance<\/td>\n<td>Esta cookie es establecida por el complemento de consentimiento de cookies GDPR. Se utiliza para almacenar el consentimiento del usuario para las cookies en la categor\u00eda \u00abRendimiento\u00bb.<\/td>\n<td>Rendimiento<\/td>\n<td><span style=\"font-weight: 400;\">11 Meses<\/span><\/td>\n<\/tr>\n<tr>\n<td>CookieLawInfoConsent<\/td>\n<td>La cookie es establecida por el complemento de consentimiento de cookies GDPR y se utiliza para almacenar si el usuario ha consentido o no al uso de cookies. No almacena ning\u00fan dato personal.<\/td>\n<td>Consentimiento<\/td>\n<td><span style=\"font-weight: 400;\">11 Meses<\/span><\/td>\n<\/tr>\n<\/tbody>\n<\/table>\n<p><strong><b>More information<\/b><\/strong><\/p>\n<p>Si tienes alguna duda, por favor cont\u00e1ctanos en ti@stetsom.com.br.<\/p>\n<p>\u00daltima actualizaci\u00f3n el *** FECHA DE ACTUALIZACI\u00d3N ***<\/p>","protected":false},"excerpt":{"rendered":"<p>Tu privacidad es importante para nosotros. Es pol\u00edtica de STETSOM respetar tu privacidad con respecto a cualquier informaci\u00f3n que podamos recopilar mientras operamos nuestro sitio web stetsom.com.br, y otros sitios que poseemos y operamos. Solo solicitamos informaci\u00f3n personal cuando realmente la necesitamos para brindarte un servicio. Lo hacemos de manera justa y legal, con tu [&hellip;]<\/p>\n","protected":false},"author":50,"featured_media":0,"parent":0,"menu_order":0,"comment_status":"closed","ping_status":"closed","template":"","meta":[],"yoast_head":"<!-- This site is optimized with the Yoast SEO plugin v20.7 - https:\/\/yoast.com\/wordpress\/plugins\/seo\/ -->\n<title>Pol\u00edtica de Privacidad - Stetsom<\/title>\n<meta name=\"robots\" content=\"index, follow, max-snippet:-1, max-image-preview:large, max-video-preview:-1\" \/>\n<link rel=\"canonical\" href=\"https:\/\/stetsom.com.br\/politica-de-privacidade\/\" \/>\n<meta property=\"og:locale\" content=\"es_ES\" \/>\n<meta property=\"og:type\" content=\"article\" \/>\n<meta property=\"og:title\" content=\"[:pt]Pol\u00edtica de Privacidade[:en]Privacy Policy[:es]Pol\u00edtica de Privacidad[:] - Stetsom\" \/>\n<meta property=\"og:description\" content=\"Tu privacidad es importante para nosotros. Es pol\u00edtica de STETSOM respetar tu privacidad con respecto a cualquier informaci\u00f3n que podamos recopilar mientras operamos nuestro sitio web stetsom.com.br, y otros sitios que poseemos y operamos. Solo solicitamos informaci\u00f3n personal cuando realmente la necesitamos para brindarte un servicio. Lo hacemos de manera justa y legal, con tu [&hellip;]\" \/>\n<meta property=\"og:url\" content=\"https:\/\/stetsom.com.br\/politica-de-privacidade\/\" \/>\n<meta property=\"og:site_name\" content=\"Stetsom\" \/>\n<meta property=\"article:modified_time\" content=\"2024-05-13T11:57:29+00:00\" \/>\n<meta name=\"twitter:card\" content=\"summary_large_image\" \/>\n<meta name=\"twitter:label1\" content=\"Tiempo de lectura\" \/>\n\t<meta name=\"twitter:data1\" content=\"6 minutos\" \/>\n<script type=\"application\/ld+json\" class=\"yoast-schema-graph\">{\"@context\":\"https:\/\/schema.org\",\"@graph\":[{\"@type\":\"WebPage\",\"@id\":\"https:\/\/stetsom.com.br\/politica-de-privacidade\/\",\"url\":\"https:\/\/stetsom.com.br\/politica-de-privacidade\/\",\"name\":\"[:pt]Pol\u00edtica de Privacidade[:en]Privacy Policy[:es]Pol\u00edtica de Privacidad[:] - Stetsom\",\"isPartOf\":{\"@id\":\"https:\/\/stetsom.com.br\/pt\/#website\"},\"datePublished\":\"2018-11-19T17:21:30+00:00\",\"dateModified\":\"2024-05-13T11:57:29+00:00\",\"breadcrumb\":{\"@id\":\"https:\/\/stetsom.com.br\/politica-de-privacidade\/#breadcrumb\"},\"inLanguage\":\"es\",\"potentialAction\":[{\"@type\":\"ReadAction\",\"target\":[\"https:\/\/stetsom.com.br\/politica-de-privacidade\/\"]}]},{\"@type\":\"BreadcrumbList\",\"@id\":\"https:\/\/stetsom.com.br\/politica-de-privacidade\/#breadcrumb\",\"itemListElement\":[{\"@type\":\"ListItem\",\"position\":1,\"name\":\"Home\",\"item\":\"https:\/\/stetsom.com.br\/pt\/\"},{\"@type\":\"ListItem\",\"position\":2,\"name\":\"Pol\u00edtica de Privacidade\"}]},{\"@type\":\"WebSite\",\"@id\":\"https:\/\/stetsom.com.br\/pt\/#website\",\"url\":\"https:\/\/stetsom.com.br\/pt\/\",\"name\":\"Stetsom\",\"description\":\"Stetsom\",\"potentialAction\":[{\"@type\":\"SearchAction\",\"target\":{\"@type\":\"EntryPoint\",\"urlTemplate\":\"https:\/\/stetsom.com.br\/pt\/?s={search_term_string}\"},\"query-input\":\"required name=search_term_string\"}],\"inLanguage\":\"es\"}]}<\/script>\n<!-- \/ Yoast SEO plugin. -->","yoast_head_json":{"title":"[:pt]Pol\u00edtica de Privacidade[:en]Privacy Policy[:es]Pol\u00edtica de Privacidad[:] - Stetsom","robots":{"index":"index","follow":"follow","max-snippet":"max-snippet:-1","max-image-preview":"max-image-preview:large","max-video-preview":"max-video-preview:-1"},"canonical":"https:\/\/stetsom.com.br\/politica-de-privacidade\/","og_locale":"es_ES","og_type":"article","og_title":"[:pt]Pol\u00edtica de Privacidade[:en]Privacy Policy[:es]Pol\u00edtica de Privacidad[:] - Stetsom","og_description":"Tu privacidad es importante para nosotros. Es pol\u00edtica de STETSOM respetar tu privacidad con respecto a cualquier informaci\u00f3n que podamos recopilar mientras operamos nuestro sitio web stetsom.com.br, y otros sitios que poseemos y operamos. Solo solicitamos informaci\u00f3n personal cuando realmente la necesitamos para brindarte un servicio. Lo hacemos de manera justa y legal, con tu [&hellip;]","og_url":"https:\/\/stetsom.com.br\/politica-de-privacidade\/","og_site_name":"Stetsom","article_modified_time":"2024-05-13T11:57:29+00:00","twitter_card":"summary_large_image","twitter_misc":{"Tiempo de lectura":"6 minutos"},"schema":{"@context":"https:\/\/schema.org","@graph":[{"@type":"WebPage","@id":"https:\/\/stetsom.com.br\/politica-de-privacidade\/","url":"https:\/\/stetsom.com.br\/politica-de-privacidade\/","name":"[:pt]Pol\u00edtica de Privacidade[:en]Privacy Policy[:es]Pol\u00edtica de Privacidad[:] - Stetsom","isPartOf":{"@id":"https:\/\/stetsom.com.br\/pt\/#website"},"datePublished":"2018-11-19T17:21:30+00:00","dateModified":"2024-05-13T11:57:29+00:00","breadcrumb":{"@id":"https:\/\/stetsom.com.br\/politica-de-privacidade\/#breadcrumb"},"inLanguage":"es","potentialAction":[{"@type":"ReadAction","target":["https:\/\/stetsom.com.br\/politica-de-privacidade\/"]}]},{"@type":"BreadcrumbList","@id":"https:\/\/stetsom.com.br\/politica-de-privacidade\/#breadcrumb","itemListElement":[{"@type":"ListItem","position":1,"name":"Home","item":"https:\/\/stetsom.com.br\/pt\/"},{"@type":"ListItem","position":2,"name":"Pol\u00edtica de Privacidade"}]},{"@type":"WebSite","@id":"https:\/\/stetsom.com.br\/pt\/#website","url":"https:\/\/stetsom.com.br\/pt\/","name":"Stetsom","description":"Stetsom","potentialAction":[{"@type":"SearchAction","target":{"@type":"EntryPoint","urlTemplate":"https:\/\/stetsom.com.br\/pt\/?s={search_term_string}"},"query-input":"required name=search_term_string"}],"inLanguage":"es"}]}},"_links":{"self":[{"href":"https:\/\/stetsom.com.br\/es\/wp-json\/wp\/v2\/pages\/4385"}],"collection":[{"href":"https:\/\/stetsom.com.br\/es\/wp-json\/wp\/v2\/pages"}],"about":[{"href":"https:\/\/stetsom.com.br\/es\/wp-json\/wp\/v2\/types\/page"}],"author":[{"embeddable":true,"href":"https:\/\/stetsom.com.br\/es\/wp-json\/wp\/v2\/users\/50"}],"replies":[{"embeddable":true,"href":"https:\/\/stetsom.com.br\/es\/wp-json\/wp\/v2\/comments?post=4385"}],"version-history":[{"count":16,"href":"https:\/\/stetsom.com.br\/es\/wp-json\/wp\/v2\/pages\/4385\/revisions"}],"predecessor-version":[{"id":6580,"href":"https:\/\/stetsom.com.br\/es\/wp-json\/wp\/v2\/pages\/4385\/revisions\/6580"}],"wp:attachment":[{"href":"https:\/\/stetsom.com.br\/es\/wp-json\/wp\/v2\/media?parent=4385"}],"curies":[{"name":"wp","href":"https:\/\/api.w.org\/{rel}","templated":true}]}}