{"id":4888,"date":"2020-06-01T10:51:55","date_gmt":"2020-06-01T10:51:55","guid":{"rendered":"https:\/\/stetsom.com.br\/?page_id=4888"},"modified":"2024-05-13T11:48:25","modified_gmt":"2024-05-13T11:48:25","slug":"politica-da-qualidade","status":"publish","type":"page","link":"https:\/\/stetsom.com.br\/es\/politica-da-qualidade\/","title":{"rendered":"Pol\u00edtica de Calidad"},"content":{"rendered":"<p><\/p>\n<h2>La direcci\u00f3n de STETSOM establece la Pol\u00edtica de Calidad basada en los siguientes principios:<\/h2>\n<ul>\n<li>Proveer productos y servicios que satisfagan las necesidades de nuestros clientes, garantizando su satisfacci\u00f3n y la continuidad del negocio, con el objetivo de posicionarnos como el proveedor preferido;<\/li>\n<li>Cumplir con los requisitos regulatorios aplicables (ANATEL);<\/li>\n<li>Mejorar continuamente la producci\u00f3n de Amplificadores, Antenas y accesorios y los procesos del SGQ (Sistema de Gesti\u00f3n de Calidad);<\/li>\n<li>Asegurar en nuestros empleados la conciencia de su contribuci\u00f3n a la eficacia y mejora del SCQ (Sistema de Gesti\u00f3n de Calidad) mediante el cumplimiento de los requisitos<\/li>\n<\/ul>\n<p><\/p>","protected":false},"excerpt":{"rendered":"<p>La direcci\u00f3n de STETSOM establece la Pol\u00edtica de Calidad basada en los siguientes principios: Proveer productos y servicios que satisfagan las necesidades de nuestros clientes, garantizando su satisfacci\u00f3n y la continuidad del negocio, con el objetivo de posicionarnos como el proveedor preferido; Cumplir con los requisitos regulatorios aplicables (ANATEL); Mejorar continuamente la producci\u00f3n de Amplificadores, [&hellip;]<\/p>\n","protected":false},"author":50,"featured_media":0,"parent":0,"menu_order":0,"comment_status":"closed","ping_status":"closed","template":"","meta":[],"yoast_head":"<!-- This site is optimized with the Yoast SEO plugin v20.7 - https:\/\/yoast.com\/wordpress\/plugins\/seo\/ -->\n<title>Pol\u00edtica de Calidad - Stetsom<\/title>\n<meta name=\"robots\" content=\"index, follow, max-snippet:-1, max-image-preview:large, max-video-preview:-1\" \/>\n<link rel=\"canonical\" href=\"https:\/\/stetsom.com.br\/politica-da-qualidade\/\" \/>\n<meta property=\"og:locale\" content=\"es_ES\" \/>\n<meta property=\"og:type\" content=\"article\" \/>\n<meta property=\"og:title\" content=\"[:pt]Pol\u00edtica da Qualidade[:en]Quality Policy[:es]Pol\u00edtica de Calidad[:] - Stetsom\" \/>\n<meta property=\"og:description\" content=\"La direcci\u00f3n de STETSOM establece la Pol\u00edtica de Calidad basada en los siguientes principios: Proveer productos y servicios que satisfagan las necesidades de nuestros clientes, garantizando su satisfacci\u00f3n y la continuidad del negocio, con el objetivo de posicionarnos como el proveedor preferido; Cumplir con los requisitos regulatorios aplicables (ANATEL); Mejorar continuamente la producci\u00f3n de Amplificadores, [&hellip;]\" \/>\n<meta property=\"og:url\" content=\"https:\/\/stetsom.com.br\/politica-da-qualidade\/\" \/>\n<meta property=\"og:site_name\" content=\"Stetsom\" \/>\n<meta property=\"article:modified_time\" content=\"2024-05-13T11:48:25+00:00\" \/>\n<meta name=\"twitter:card\" content=\"summary_large_image\" \/>\n<meta name=\"twitter:label1\" content=\"Tiempo de lectura\" \/>\n\t<meta name=\"twitter:data1\" content=\"1 minuto\" \/>\n<script type=\"application\/ld+json\" class=\"yoast-schema-graph\">{\"@context\":\"https:\/\/schema.org\",\"@graph\":[{\"@type\":\"WebPage\",\"@id\":\"https:\/\/stetsom.com.br\/politica-da-qualidade\/\",\"url\":\"https:\/\/stetsom.com.br\/politica-da-qualidade\/\",\"name\":\"[:pt]Pol\u00edtica da Qualidade[:en]Quality Policy[:es]Pol\u00edtica de Calidad[:] - Stetsom\",\"isPartOf\":{\"@id\":\"https:\/\/stetsom.com.br\/pt\/#website\"},\"datePublished\":\"2020-06-01T10:51:55+00:00\",\"dateModified\":\"2024-05-13T11:48:25+00:00\",\"breadcrumb\":{\"@id\":\"https:\/\/stetsom.com.br\/politica-da-qualidade\/#breadcrumb\"},\"inLanguage\":\"es\",\"potentialAction\":[{\"@type\":\"ReadAction\",\"target\":[\"https:\/\/stetsom.com.br\/politica-da-qualidade\/\"]}]},{\"@type\":\"BreadcrumbList\",\"@id\":\"https:\/\/stetsom.com.br\/politica-da-qualidade\/#breadcrumb\",\"itemListElement\":[{\"@type\":\"ListItem\",\"position\":1,\"name\":\"Home\",\"item\":\"https:\/\/stetsom.com.br\/pt\/\"},{\"@type\":\"ListItem\",\"position\":2,\"name\":\"Pol\u00edtica da Qualidade\"}]},{\"@type\":\"WebSite\",\"@id\":\"https:\/\/stetsom.com.br\/pt\/#website\",\"url\":\"https:\/\/stetsom.com.br\/pt\/\",\"name\":\"Stetsom\",\"description\":\"Stetsom\",\"potentialAction\":[{\"@type\":\"SearchAction\",\"target\":{\"@type\":\"EntryPoint\",\"urlTemplate\":\"https:\/\/stetsom.com.br\/pt\/?s={search_term_string}\"},\"query-input\":\"required name=search_term_string\"}],\"inLanguage\":\"es\"}]}<\/script>\n<!-- \/ Yoast SEO plugin. -->","yoast_head_json":{"title":"[:pt]Pol\u00edtica da Qualidade[:en]Quality Policy[:es]Pol\u00edtica de Calidad[:] - Stetsom","robots":{"index":"index","follow":"follow","max-snippet":"max-snippet:-1","max-image-preview":"max-image-preview:large","max-video-preview":"max-video-preview:-1"},"canonical":"https:\/\/stetsom.com.br\/politica-da-qualidade\/","og_locale":"es_ES","og_type":"article","og_title":"[:pt]Pol\u00edtica da Qualidade[:en]Quality Policy[:es]Pol\u00edtica de Calidad[:] - Stetsom","og_description":"La direcci\u00f3n de STETSOM establece la Pol\u00edtica de Calidad basada en los siguientes principios: Proveer productos y servicios que satisfagan las necesidades de nuestros clientes, garantizando su satisfacci\u00f3n y la continuidad del negocio, con el objetivo de posicionarnos como el proveedor preferido; Cumplir con los requisitos regulatorios aplicables (ANATEL); Mejorar continuamente la producci\u00f3n de Amplificadores, [&hellip;]","og_url":"https:\/\/stetsom.com.br\/politica-da-qualidade\/","og_site_name":"Stetsom","article_modified_time":"2024-05-13T11:48:25+00:00","twitter_card":"summary_large_image","twitter_misc":{"Tiempo de lectura":"1 minuto"},"schema":{"@context":"https:\/\/schema.org","@graph":[{"@type":"WebPage","@id":"https:\/\/stetsom.com.br\/politica-da-qualidade\/","url":"https:\/\/stetsom.com.br\/politica-da-qualidade\/","name":"[:pt]Pol\u00edtica da Qualidade[:en]Quality Policy[:es]Pol\u00edtica de Calidad[:] - Stetsom","isPartOf":{"@id":"https:\/\/stetsom.com.br\/pt\/#website"},"datePublished":"2020-06-01T10:51:55+00:00","dateModified":"2024-05-13T11:48:25+00:00","breadcrumb":{"@id":"https:\/\/stetsom.com.br\/politica-da-qualidade\/#breadcrumb"},"inLanguage":"es","potentialAction":[{"@type":"ReadAction","target":["https:\/\/stetsom.com.br\/politica-da-qualidade\/"]}]},{"@type":"BreadcrumbList","@id":"https:\/\/stetsom.com.br\/politica-da-qualidade\/#breadcrumb","itemListElement":[{"@type":"ListItem","position":1,"name":"Home","item":"https:\/\/stetsom.com.br\/pt\/"},{"@type":"ListItem","position":2,"name":"Pol\u00edtica da Qualidade"}]},{"@type":"WebSite","@id":"https:\/\/stetsom.com.br\/pt\/#website","url":"https:\/\/stetsom.com.br\/pt\/","name":"Stetsom","description":"Stetsom","potentialAction":[{"@type":"SearchAction","target":{"@type":"EntryPoint","urlTemplate":"https:\/\/stetsom.com.br\/pt\/?s={search_term_string}"},"query-input":"required name=search_term_string"}],"inLanguage":"es"}]}},"_links":{"self":[{"href":"https:\/\/stetsom.com.br\/es\/wp-json\/wp\/v2\/pages\/4888"}],"collection":[{"href":"https:\/\/stetsom.com.br\/es\/wp-json\/wp\/v2\/pages"}],"about":[{"href":"https:\/\/stetsom.com.br\/es\/wp-json\/wp\/v2\/types\/page"}],"author":[{"embeddable":true,"href":"https:\/\/stetsom.com.br\/es\/wp-json\/wp\/v2\/users\/50"}],"replies":[{"embeddable":true,"href":"https:\/\/stetsom.com.br\/es\/wp-json\/wp\/v2\/comments?post=4888"}],"version-history":[{"count":5,"href":"https:\/\/stetsom.com.br\/es\/wp-json\/wp\/v2\/pages\/4888\/revisions"}],"predecessor-version":[{"id":6579,"href":"https:\/\/stetsom.com.br\/es\/wp-json\/wp\/v2\/pages\/4888\/revisions\/6579"}],"wp:attachment":[{"href":"https:\/\/stetsom.com.br\/es\/wp-json\/wp\/v2\/media?parent=4888"}],"curies":[{"name":"wp","href":"https:\/\/api.w.org\/{rel}","templated":true}]}}