{"id":5750,"date":"2022-12-13T18:05:06","date_gmt":"2022-12-13T18:05:06","guid":{"rendered":"https:\/\/stetsom.com.br\/?page_id=5750"},"modified":"2024-05-13T11:47:09","modified_gmt":"2024-05-13T11:47:09","slug":"lgpd","status":"publish","type":"page","link":"https:\/\/stetsom.com.br\/es\/lgpd\/","title":{"rendered":"LGPD"},"content":{"rendered":"<p>La ley N\u00b0 13.709\/2018 \u2013 Ley General de Protecci\u00f3n de Datos (LGPD en portugu\u00e9s, conocida como Lei Geral de Prote\u00e7\u00e3o de Dados) tiene como objetivo proteger los derechos fundamentales de libertad y privacidad, as\u00ed como el libre desarrollo de la personalidad de la persona natural, y por lo tanto protege los datos personales (sensibles o no). Datos sensibles son aquellos que se refieren a origen racial o \u00e9tnico, opiniones pol\u00edticas, religiosas o filos\u00f3ficas, datos gen\u00e9ticos, biom\u00e9tricos e informaci\u00f3n sobre la salud o la orientaci\u00f3n sexual de la persona. Datos no sensibles son aquellos capaces de identificar a alguien, como: I) nombre; II) ID; III) CPF (o cualquier otro n\u00famero de identificaci\u00f3n fiscal); IV) direcci\u00f3n; V) fecha de nacimiento, etc.<\/p>\n<p>As\u00ed, la LGPD se centra en crear un entorno seguro para estos datos, estableciendo regulaciones y est\u00e1ndares que deben ser seguidos por todos aquellos que procesan datos, lo que incluye: I) recopilaci\u00f3n; II) producci\u00f3n; III) recepci\u00f3n; IV) clasificaci\u00f3n; V) uso; VI) acceso; VII) reproducci\u00f3n; VIII) transmisi\u00f3n; IX) distribuci\u00f3n; X) procesamiento; XI) archivado; XII) almacenamiento; XIII) eliminaci\u00f3n; XIV) evaluaci\u00f3n o control de informaci\u00f3n; XV) modificaci\u00f3n; XVI) comunicaci\u00f3n; XVII) transferencia, difusi\u00f3n o extracci\u00f3n de datos personales.<\/p>\n<p>Para que ocurra el procesamiento de datos, es obligatorio que el titular de los datos d\u00e9 su consentimiento, iniciando as\u00ed el proceso de tratamiento de datos personales.<\/p>\n<p><strong>STETSOM INDUSTRIA ELETR\u00d4NICA LTDA<\/strong> busca constantemente cumplir con los est\u00e1ndares de protecci\u00f3n de datos y seguridad de la informaci\u00f3n, raz\u00f3n por la cual solicita a todos los usuarios de sus plataformas que acepten la recopilaci\u00f3n de datos a trav\u00e9s de cookies y otros medios, en todos los contactos realizados por terceros con la empresa.<\/p>\n<p>No se preocupe, todos los datos personales recopilados por Stetsom se tratan de manera segura, seg\u00fan lo requiere la LGPD y otras normas relacionadas con la seguridad de la informaci\u00f3n.<\/p>\n<p>Es importante que sepa que proporcionamos un canal de denuncias para que, si hay alg\u00fan incidente de fuga de datos, pueda contactarnos directamente para que se tomen medidas. Por lo tanto, en caso de quejas o dudas sobre la Ley General de Protecci\u00f3n de Datos, simplemente cont\u00e1ctenos por correo electr\u00f3nico a <a href=\"mailto:denuncialgpd@stetsom.com.br\">denuncialgpd@stetsom.com.br<\/a><\/p>\n<p>Todas las quejas enviadas a trav\u00e9s del canal son <strong>estrictamente confidenciales. <\/strong><\/p>\n<p>Al recibir la queja, se inicia de inmediato un procedimiento de investigaci\u00f3n en un plazo de 30 (treinta) d\u00edas.<\/p>","protected":false},"excerpt":{"rendered":"<p>La ley N\u00b0 13.709\/2018 \u2013 Ley General de Protecci\u00f3n de Datos (LGPD en portugu\u00e9s, conocida como Lei Geral de Prote\u00e7\u00e3o de Dados) tiene como objetivo proteger los derechos fundamentales de libertad y privacidad, as\u00ed como el libre desarrollo de la personalidad de la persona natural, y por lo tanto protege los datos personales (sensibles o [&hellip;]<\/p>\n","protected":false},"author":50,"featured_media":0,"parent":0,"menu_order":0,"comment_status":"closed","ping_status":"closed","template":"","meta":[],"yoast_head":"<!-- This site is optimized with the Yoast SEO plugin v20.7 - https:\/\/yoast.com\/wordpress\/plugins\/seo\/ -->\n<title>LGPD - Stetsom<\/title>\n<meta name=\"robots\" content=\"index, follow, max-snippet:-1, max-image-preview:large, max-video-preview:-1\" \/>\n<link rel=\"canonical\" href=\"https:\/\/stetsom.com.br\/lgpd\/\" \/>\n<meta property=\"og:locale\" content=\"es_ES\" \/>\n<meta property=\"og:type\" content=\"article\" \/>\n<meta property=\"og:title\" content=\"LGPD - Stetsom\" \/>\n<meta property=\"og:description\" content=\"La ley N\u00b0 13.709\/2018 \u2013 Ley General de Protecci\u00f3n de Datos (LGPD en portugu\u00e9s, conocida como Lei Geral de Prote\u00e7\u00e3o de Dados) tiene como objetivo proteger los derechos fundamentales de libertad y privacidad, as\u00ed como el libre desarrollo de la personalidad de la persona natural, y por lo tanto protege los datos personales (sensibles o [&hellip;]\" \/>\n<meta property=\"og:url\" content=\"https:\/\/stetsom.com.br\/lgpd\/\" \/>\n<meta property=\"og:site_name\" content=\"Stetsom\" \/>\n<meta property=\"article:modified_time\" content=\"2024-05-13T11:47:09+00:00\" \/>\n<meta name=\"twitter:card\" content=\"summary_large_image\" \/>\n<meta name=\"twitter:label1\" content=\"Tiempo de lectura\" \/>\n\t<meta name=\"twitter:data1\" content=\"3 minutos\" \/>\n<script type=\"application\/ld+json\" class=\"yoast-schema-graph\">{\"@context\":\"https:\/\/schema.org\",\"@graph\":[{\"@type\":\"WebPage\",\"@id\":\"https:\/\/stetsom.com.br\/lgpd\/\",\"url\":\"https:\/\/stetsom.com.br\/lgpd\/\",\"name\":\"LGPD - Stetsom\",\"isPartOf\":{\"@id\":\"https:\/\/stetsom.com.br\/pt\/#website\"},\"datePublished\":\"2022-12-13T18:05:06+00:00\",\"dateModified\":\"2024-05-13T11:47:09+00:00\",\"breadcrumb\":{\"@id\":\"https:\/\/stetsom.com.br\/lgpd\/#breadcrumb\"},\"inLanguage\":\"es\",\"potentialAction\":[{\"@type\":\"ReadAction\",\"target\":[\"https:\/\/stetsom.com.br\/lgpd\/\"]}]},{\"@type\":\"BreadcrumbList\",\"@id\":\"https:\/\/stetsom.com.br\/lgpd\/#breadcrumb\",\"itemListElement\":[{\"@type\":\"ListItem\",\"position\":1,\"name\":\"Home\",\"item\":\"https:\/\/stetsom.com.br\/pt\/\"},{\"@type\":\"ListItem\",\"position\":2,\"name\":\"LGPD\"}]},{\"@type\":\"WebSite\",\"@id\":\"https:\/\/stetsom.com.br\/pt\/#website\",\"url\":\"https:\/\/stetsom.com.br\/pt\/\",\"name\":\"Stetsom\",\"description\":\"Stetsom\",\"potentialAction\":[{\"@type\":\"SearchAction\",\"target\":{\"@type\":\"EntryPoint\",\"urlTemplate\":\"https:\/\/stetsom.com.br\/pt\/?s={search_term_string}\"},\"query-input\":\"required name=search_term_string\"}],\"inLanguage\":\"es\"}]}<\/script>\n<!-- \/ Yoast SEO plugin. -->","yoast_head_json":{"title":"LGPD - Stetsom","robots":{"index":"index","follow":"follow","max-snippet":"max-snippet:-1","max-image-preview":"max-image-preview:large","max-video-preview":"max-video-preview:-1"},"canonical":"https:\/\/stetsom.com.br\/lgpd\/","og_locale":"es_ES","og_type":"article","og_title":"LGPD - Stetsom","og_description":"La ley N\u00b0 13.709\/2018 \u2013 Ley General de Protecci\u00f3n de Datos (LGPD en portugu\u00e9s, conocida como Lei Geral de Prote\u00e7\u00e3o de Dados) tiene como objetivo proteger los derechos fundamentales de libertad y privacidad, as\u00ed como el libre desarrollo de la personalidad de la persona natural, y por lo tanto protege los datos personales (sensibles o [&hellip;]","og_url":"https:\/\/stetsom.com.br\/lgpd\/","og_site_name":"Stetsom","article_modified_time":"2024-05-13T11:47:09+00:00","twitter_card":"summary_large_image","twitter_misc":{"Tiempo de lectura":"3 minutos"},"schema":{"@context":"https:\/\/schema.org","@graph":[{"@type":"WebPage","@id":"https:\/\/stetsom.com.br\/lgpd\/","url":"https:\/\/stetsom.com.br\/lgpd\/","name":"LGPD - Stetsom","isPartOf":{"@id":"https:\/\/stetsom.com.br\/pt\/#website"},"datePublished":"2022-12-13T18:05:06+00:00","dateModified":"2024-05-13T11:47:09+00:00","breadcrumb":{"@id":"https:\/\/stetsom.com.br\/lgpd\/#breadcrumb"},"inLanguage":"es","potentialAction":[{"@type":"ReadAction","target":["https:\/\/stetsom.com.br\/lgpd\/"]}]},{"@type":"BreadcrumbList","@id":"https:\/\/stetsom.com.br\/lgpd\/#breadcrumb","itemListElement":[{"@type":"ListItem","position":1,"name":"Home","item":"https:\/\/stetsom.com.br\/pt\/"},{"@type":"ListItem","position":2,"name":"LGPD"}]},{"@type":"WebSite","@id":"https:\/\/stetsom.com.br\/pt\/#website","url":"https:\/\/stetsom.com.br\/pt\/","name":"Stetsom","description":"Stetsom","potentialAction":[{"@type":"SearchAction","target":{"@type":"EntryPoint","urlTemplate":"https:\/\/stetsom.com.br\/pt\/?s={search_term_string}"},"query-input":"required name=search_term_string"}],"inLanguage":"es"}]}},"_links":{"self":[{"href":"https:\/\/stetsom.com.br\/es\/wp-json\/wp\/v2\/pages\/5750"}],"collection":[{"href":"https:\/\/stetsom.com.br\/es\/wp-json\/wp\/v2\/pages"}],"about":[{"href":"https:\/\/stetsom.com.br\/es\/wp-json\/wp\/v2\/types\/page"}],"author":[{"embeddable":true,"href":"https:\/\/stetsom.com.br\/es\/wp-json\/wp\/v2\/users\/50"}],"replies":[{"embeddable":true,"href":"https:\/\/stetsom.com.br\/es\/wp-json\/wp\/v2\/comments?post=5750"}],"version-history":[{"count":6,"href":"https:\/\/stetsom.com.br\/es\/wp-json\/wp\/v2\/pages\/5750\/revisions"}],"predecessor-version":[{"id":6577,"href":"https:\/\/stetsom.com.br\/es\/wp-json\/wp\/v2\/pages\/5750\/revisions\/6577"}],"wp:attachment":[{"href":"https:\/\/stetsom.com.br\/es\/wp-json\/wp\/v2\/media?parent=5750"}],"curies":[{"name":"wp","href":"https:\/\/api.w.org\/{rel}","templated":true}]}}