{"id":6472,"date":"2024-03-08T12:37:52","date_gmt":"2024-03-08T12:37:52","guid":{"rendered":"https:\/\/stetsom.com.br\/?page_id=6472"},"modified":"2024-05-13T12:03:42","modified_gmt":"2024-05-13T12:03:42","slug":"politica-de-privacidade-para-aplicativos","status":"publish","type":"page","link":"https:\/\/stetsom.com.br\/es\/politica-de-privacidade-para-aplicativos\/","title":{"rendered":"Privacidad de Datos de Aplicaci\u00f3n"},"content":{"rendered":"<p><span style=\"font-weight: 400;\">Stetsom ofrece sus aplicaciones de forma gratuita, valorando buenas pr\u00e1cticas, usabilidad y satisfacci\u00f3n del cliente. La aplicaci\u00f3n debe ser utilizada correctamente y de acuerdo con los est\u00e1ndares de su respectiva tienda de distribuci\u00f3n y se puede encontrar en:<\/span><\/p>\n<p>&nbsp;<\/p>\n<p><a href=\"https:\/\/apps.apple.com\/br\/app\/stetsom-strobo-rgb\/id6462456657?l=en-GB\" target=\"_blank\" rel=\"noopener\">STROBO RGB for iOS<\/a><\/p>\n<p><a href=\"https:\/\/play.google.com\/store\/apps\/details?id=br.com.stetsom.stroboRgb\" target=\"_blank\" rel=\"noopener\">STROBO RGB for Android<\/a><\/p>\n<p><a href=\"https:\/\/apps.apple.com\/br\/app\/stetsom-stx2436\/id1111288357?l=en-GB\" target=\"_blank\" rel=\"noopener\">STX2436BT 2022 for iOS<\/a><\/p>\n<p><a href=\"https:\/\/play.google.com\/store\/apps\/details?id=br.com.stetsom.stx2436\" target=\"_blank\" rel=\"noopener\">STX2436BT 2022 for Android<\/a><\/p>\n<p><a href=\"https:\/\/apps.apple.com\/br\/app\/stetsom-stx2436bt-2022\/id1615834724?l=en-GB\" target=\"_blank\" rel=\"noopener\">STX2436BT for iOS<\/a><\/p>\n<p><a href=\"https:\/\/play.google.com\/store\/apps\/details?id=br.com.stetsom.stxbt\" target=\"_blank\" rel=\"noopener\">STX2436BT for Android<\/a><\/p>\n<p><span style=\"font-weight: 400;\">Esta p\u00e1gina tiene como objetivo informar a sus visitantes sobre nuestras pol\u00edticas de recopilaci\u00f3n, uso y divulgaci\u00f3n de datos. Al decidir utilizar nuestros servicios, usted acepta la recopilaci\u00f3n y el uso de informaci\u00f3n en relaci\u00f3n con esta pol\u00edtica autom\u00e1ticamente.<\/span><\/p>\n<p><span style=\"font-weight: 400;\">La informaci\u00f3n que recopilamos se utiliza para mejorar los servicios y experiencias de usuario, mejorando as\u00ed la relaci\u00f3n cliente-servicio\/producto entre el usuario final y Stetsom. No compartimos p\u00fablicamente informaci\u00f3n ni la compartimos con terceros, excepto cuando la ley lo requiera.<\/span><\/p>\n<p>&nbsp;<\/p>\n<p><b>RECOLECCI\u00d3N DE INFORMACI\u00d3N<\/b><\/p>\n<p><span style=\"font-weight: 400;\">Para una mejor experiencia al usar nuestro Servicio, podemos requerir que nos proporcione cierta informaci\u00f3n. La informaci\u00f3n que solicitamos ser\u00e1 retenida por nosotros y utilizada como se describe en esta pol\u00edtica de privacidad.<\/span><\/p>\n<p><span style=\"font-weight: 400;\">La aplicaci\u00f3n tambi\u00e9n utiliza servicios de terceros como Firebase para recopilar informaci\u00f3n.<\/span><\/p>\n<p><span style=\"font-weight: 400;\">Aqu\u00ed hay un enlace para acceder a la pol\u00edtica de privacidad de su uso respectivo.<\/span><\/p>\n<p><span style=\"font-weight: 400;\">Firebase \u2014 <a href=\"https:\/\/firebase.google.com\/support\/privacy\">https:\/\/firebase.google.com\/support\/privacy<\/a><\/span><\/p>\n<p>&nbsp;<\/p>\n<p><b>DATOS DE REGISTRO<\/b><\/p>\n<p><span style=\"font-weight: 400;\">Queremos informarle que cada vez que utilice nuestro Servicio, en caso de un error de la aplicaci\u00f3n, recopilamos datos e informaci\u00f3n (a trav\u00e9s de terceros) en su tel\u00e9fono llamados Datos de registro. Estos datos de registro pueden incluir informaci\u00f3n como la direcci\u00f3n de Protocolo de Internet (\u00abIP\u00bb) de su dispositivo, nombre del dispositivo, versi\u00f3n del sistema operativo, la configuraci\u00f3n de la aplicaci\u00f3n al utilizar nuestro servicio, la hora y la fecha de su uso, y otras estad\u00edsticas.<\/span><\/p>\n<p><span style=\"font-weight: 400;\">Tambi\u00e9n recopilamos informaci\u00f3n de usabilidad para mejorar el servicio en su desarrollo y para ayudar a los usuarios en sus aplicaciones generales.<\/span><\/p>\n<p>&nbsp;<\/p>\n<p><b>CAMBIOS EN LA POL\u00cdTICA DE PRIVACIDAD<\/b><\/p>\n<p><span style=\"font-weight: 400;\">Podemos actualizar nuestra Pol\u00edtica de privacidad de vez en cuando. Por lo tanto, es recomendable revisar esta p\u00e1gina peri\u00f3dicamente para verificar cualquier cambio. Le notificaremos cualquier cambio publicando la nueva Pol\u00edtica de privacidad en esta p\u00e1gina. Estos cambios entran en vigencia inmediatamente despu\u00e9s de ser publicados en esta p\u00e1gina. Tambi\u00e9n est\u00e1 disponible en la tienda oficial de cada aplicaci\u00f3n.<\/span><\/p>\n<p>&nbsp;<\/p>\n<p><b>CONT\u00c1CTENOS<\/b><\/p>\n<p><span style=\"font-weight: 400;\">Si tiene alguna pregunta o sugerencia sobre nuestra Pol\u00edtica de privacidad, no dude en contactarnos. Estamos disponibles en la secci\u00f3n de CONTACTO del sitio web.<\/span><\/p>","protected":false},"excerpt":{"rendered":"<p>Stetsom ofrece sus aplicaciones de forma gratuita, valorando buenas pr\u00e1cticas, usabilidad y satisfacci\u00f3n del cliente. La aplicaci\u00f3n debe ser utilizada correctamente y de acuerdo con los est\u00e1ndares de su respectiva tienda de distribuci\u00f3n y se puede encontrar en: &nbsp; STROBO RGB for iOS STROBO RGB for Android STX2436BT 2022 for iOS STX2436BT 2022 for Android [&hellip;]<\/p>\n","protected":false},"author":54,"featured_media":0,"parent":0,"menu_order":0,"comment_status":"closed","ping_status":"closed","template":"page-politica-de-privacidade.php","meta":[],"yoast_head":"<!-- This site is optimized with the Yoast SEO plugin v20.7 - https:\/\/yoast.com\/wordpress\/plugins\/seo\/ -->\n<title>Privacidad de Datos de Aplicaci\u00f3n - Stetsom<\/title>\n<meta name=\"robots\" content=\"index, follow, max-snippet:-1, max-image-preview:large, max-video-preview:-1\" \/>\n<link rel=\"canonical\" href=\"https:\/\/stetsom.com.br\/politica-de-privacidade-para-aplicativos\/\" \/>\n<meta property=\"og:locale\" content=\"es_ES\" \/>\n<meta property=\"og:type\" content=\"article\" \/>\n<meta property=\"og:title\" content=\"[:pt]Pol\u00edtica de privacidade para aplicativos[:en]Application Privacy Policy[:es]Privacidad de Datos de Aplicaci\u00f3n[:] - Stetsom\" \/>\n<meta property=\"og:description\" content=\"Stetsom ofrece sus aplicaciones de forma gratuita, valorando buenas pr\u00e1cticas, usabilidad y satisfacci\u00f3n del cliente. La aplicaci\u00f3n debe ser utilizada correctamente y de acuerdo con los est\u00e1ndares de su respectiva tienda de distribuci\u00f3n y se puede encontrar en: &nbsp; STROBO RGB for iOS STROBO RGB for Android STX2436BT 2022 for iOS STX2436BT 2022 for Android [&hellip;]\" \/>\n<meta property=\"og:url\" content=\"https:\/\/stetsom.com.br\/politica-de-privacidade-para-aplicativos\/\" \/>\n<meta property=\"og:site_name\" content=\"Stetsom\" \/>\n<meta property=\"article:modified_time\" content=\"2024-05-13T12:03:42+00:00\" \/>\n<meta name=\"twitter:card\" content=\"summary_large_image\" \/>\n<meta name=\"twitter:label1\" content=\"Tiempo de lectura\" \/>\n\t<meta name=\"twitter:data1\" content=\"3 minutos\" \/>\n<script type=\"application\/ld+json\" class=\"yoast-schema-graph\">{\"@context\":\"https:\/\/schema.org\",\"@graph\":[{\"@type\":\"WebPage\",\"@id\":\"https:\/\/stetsom.com.br\/politica-de-privacidade-para-aplicativos\/\",\"url\":\"https:\/\/stetsom.com.br\/politica-de-privacidade-para-aplicativos\/\",\"name\":\"[:pt]Pol\u00edtica de privacidade para aplicativos[:en]Application Privacy Policy[:es]Privacidad de Datos de Aplicaci\u00f3n[:] - Stetsom\",\"isPartOf\":{\"@id\":\"https:\/\/stetsom.com.br\/pt\/#website\"},\"datePublished\":\"2024-03-08T12:37:52+00:00\",\"dateModified\":\"2024-05-13T12:03:42+00:00\",\"breadcrumb\":{\"@id\":\"https:\/\/stetsom.com.br\/politica-de-privacidade-para-aplicativos\/#breadcrumb\"},\"inLanguage\":\"es\",\"potentialAction\":[{\"@type\":\"ReadAction\",\"target\":[\"https:\/\/stetsom.com.br\/politica-de-privacidade-para-aplicativos\/\"]}]},{\"@type\":\"BreadcrumbList\",\"@id\":\"https:\/\/stetsom.com.br\/politica-de-privacidade-para-aplicativos\/#breadcrumb\",\"itemListElement\":[{\"@type\":\"ListItem\",\"position\":1,\"name\":\"Home\",\"item\":\"https:\/\/stetsom.com.br\/pt\/\"},{\"@type\":\"ListItem\",\"position\":2,\"name\":\"Pol\u00edtica de privacidade para aplicativos\"}]},{\"@type\":\"WebSite\",\"@id\":\"https:\/\/stetsom.com.br\/pt\/#website\",\"url\":\"https:\/\/stetsom.com.br\/pt\/\",\"name\":\"Stetsom\",\"description\":\"Stetsom\",\"potentialAction\":[{\"@type\":\"SearchAction\",\"target\":{\"@type\":\"EntryPoint\",\"urlTemplate\":\"https:\/\/stetsom.com.br\/pt\/?s={search_term_string}\"},\"query-input\":\"required name=search_term_string\"}],\"inLanguage\":\"es\"}]}<\/script>\n<!-- \/ Yoast SEO plugin. -->","yoast_head_json":{"title":"[:pt]Pol\u00edtica de privacidade para aplicativos[:en]Application Privacy Policy[:es]Privacidad de Datos de Aplicaci\u00f3n[:] - Stetsom","robots":{"index":"index","follow":"follow","max-snippet":"max-snippet:-1","max-image-preview":"max-image-preview:large","max-video-preview":"max-video-preview:-1"},"canonical":"https:\/\/stetsom.com.br\/politica-de-privacidade-para-aplicativos\/","og_locale":"es_ES","og_type":"article","og_title":"[:pt]Pol\u00edtica de privacidade para aplicativos[:en]Application Privacy Policy[:es]Privacidad de Datos de Aplicaci\u00f3n[:] - Stetsom","og_description":"Stetsom ofrece sus aplicaciones de forma gratuita, valorando buenas pr\u00e1cticas, usabilidad y satisfacci\u00f3n del cliente. La aplicaci\u00f3n debe ser utilizada correctamente y de acuerdo con los est\u00e1ndares de su respectiva tienda de distribuci\u00f3n y se puede encontrar en: &nbsp; STROBO RGB for iOS STROBO RGB for Android STX2436BT 2022 for iOS STX2436BT 2022 for Android [&hellip;]","og_url":"https:\/\/stetsom.com.br\/politica-de-privacidade-para-aplicativos\/","og_site_name":"Stetsom","article_modified_time":"2024-05-13T12:03:42+00:00","twitter_card":"summary_large_image","twitter_misc":{"Tiempo de lectura":"3 minutos"},"schema":{"@context":"https:\/\/schema.org","@graph":[{"@type":"WebPage","@id":"https:\/\/stetsom.com.br\/politica-de-privacidade-para-aplicativos\/","url":"https:\/\/stetsom.com.br\/politica-de-privacidade-para-aplicativos\/","name":"[:pt]Pol\u00edtica de privacidade para aplicativos[:en]Application Privacy Policy[:es]Privacidad de Datos de Aplicaci\u00f3n[:] - Stetsom","isPartOf":{"@id":"https:\/\/stetsom.com.br\/pt\/#website"},"datePublished":"2024-03-08T12:37:52+00:00","dateModified":"2024-05-13T12:03:42+00:00","breadcrumb":{"@id":"https:\/\/stetsom.com.br\/politica-de-privacidade-para-aplicativos\/#breadcrumb"},"inLanguage":"es","potentialAction":[{"@type":"ReadAction","target":["https:\/\/stetsom.com.br\/politica-de-privacidade-para-aplicativos\/"]}]},{"@type":"BreadcrumbList","@id":"https:\/\/stetsom.com.br\/politica-de-privacidade-para-aplicativos\/#breadcrumb","itemListElement":[{"@type":"ListItem","position":1,"name":"Home","item":"https:\/\/stetsom.com.br\/pt\/"},{"@type":"ListItem","position":2,"name":"Pol\u00edtica de privacidade para aplicativos"}]},{"@type":"WebSite","@id":"https:\/\/stetsom.com.br\/pt\/#website","url":"https:\/\/stetsom.com.br\/pt\/","name":"Stetsom","description":"Stetsom","potentialAction":[{"@type":"SearchAction","target":{"@type":"EntryPoint","urlTemplate":"https:\/\/stetsom.com.br\/pt\/?s={search_term_string}"},"query-input":"required name=search_term_string"}],"inLanguage":"es"}]}},"_links":{"self":[{"href":"https:\/\/stetsom.com.br\/es\/wp-json\/wp\/v2\/pages\/6472"}],"collection":[{"href":"https:\/\/stetsom.com.br\/es\/wp-json\/wp\/v2\/pages"}],"about":[{"href":"https:\/\/stetsom.com.br\/es\/wp-json\/wp\/v2\/types\/page"}],"author":[{"embeddable":true,"href":"https:\/\/stetsom.com.br\/es\/wp-json\/wp\/v2\/users\/54"}],"replies":[{"embeddable":true,"href":"https:\/\/stetsom.com.br\/es\/wp-json\/wp\/v2\/comments?post=6472"}],"version-history":[{"count":9,"href":"https:\/\/stetsom.com.br\/es\/wp-json\/wp\/v2\/pages\/6472\/revisions"}],"predecessor-version":[{"id":6582,"href":"https:\/\/stetsom.com.br\/es\/wp-json\/wp\/v2\/pages\/6472\/revisions\/6582"}],"wp:attachment":[{"href":"https:\/\/stetsom.com.br\/es\/wp-json\/wp\/v2\/media?parent=6472"}],"curies":[{"name":"wp","href":"https:\/\/api.w.org\/{rel}","templated":true}]}}