{"id":4385,"date":"2018-11-19T14:21:30","date_gmt":"2018-11-19T17:21:30","guid":{"rendered":"https:\/\/stetsom.com.br\/?page_id=4385"},"modified":"2024-05-13T11:57:29","modified_gmt":"2024-05-13T11:57:29","slug":"politica-de-privacidade","status":"publish","type":"page","link":"https:\/\/stetsom.com.br\/pt\/politica-de-privacidade\/","title":{"rendered":"Pol\u00edtica de Privacidade"},"content":{"rendered":"<p><span style=\"font-size: 16px;\"><span style=\"font-weight: 400;\">A sua privacidade \u00e9 importante para n\u00f3s. \u00c9 pol\u00edtica do(a) STETSOM respeitar a sua privacidade em rela\u00e7\u00e3o a qualquer informa\u00e7\u00e3o sua que possamos coletar no site stetsom.com.br, e outros sites que possu\u00edmos e operamos. Solicitamos informa\u00e7\u00f5es pessoais apenas quando realmente precisamos delas para lhe fornecer um servi\u00e7o. Fazemo-lo por meios justos e legais, com o seu conhecimento e consentimento. Tamb\u00e9m informamos por que estamos coletando e como ser\u00e1 usado. Apenas retemos as informa\u00e7\u00f5es coletadas pelo tempo necess\u00e1rio para fornecer o servi\u00e7o solicitado. Quando armazenamos dados, protegemos dentro de meios comercialmente aceit\u00e1veis <\/span><span style=\"font-weight: 400;\">\u200b\u200b<\/span><span style=\"font-weight: 400;\">para evitar perdas e roubos, bem como acesso, divulga\u00e7\u00e3o, c\u00f3pia, uso ou modifica\u00e7\u00e3o n\u00e3o autorizados. N\u00e3o compartilhamos informa\u00e7\u00f5es de identifica\u00e7\u00e3o pessoal publicamente ou com terceiros, exceto quando exigido por lei. O nosso site pode ter links para sites externos que n\u00e3o s\u00e3o operados por n\u00f3s. Esteja ciente de que n\u00e3o temos controle sobre o conte\u00fado e pr\u00e1ticas desses sites e n\u00e3o podemos aceitar responsabilidade por suas respectivas pol\u00edticas de privacidade. Voc\u00ea \u00e9 livre para recusar a nossa solicita\u00e7\u00e3o de informa\u00e7\u00f5es pessoais, entendendo que talvez n\u00e3o possamos fornecer alguns dos servi\u00e7os desejados.<\/span><\/span><\/p>\n<p><b>Controlador<\/b><\/p>\n<p><span style=\"font-weight: 400;\">Em conformidade com o previsto na Lei 13.709 de 2018 (Lei Geral de Prote\u00e7\u00e3o de Dados \u2013 LGPD), o Usu\u00e1rio, registra sua manifesta\u00e7\u00e3o livre, informada e inequ\u00edvoca pelo qual concorda com o tratamento de dados pessoais, para finalidade determinada pela STETSOM Ind\u00fastria Eletr\u00f4nica Ltda., inscrita no CNPJ\/MF 61.974.911\/0001-04, com endere\u00e7o na Rua Mariano Arenales Benito, n\u00b0: 645, CEP n\u00b0: 19043-130 \u2013 Distrito Industrial, estabelecida no munic\u00edpio de Presidente Prudente, estado de S\u00e3o Paulo, doravante controlador, aqui designada STETSOM, para que esta tome decis\u00f5es referentes ao tratamento de dados pessoais e\/ou dados pessoais sens\u00edveis, bem como, para que realize o tratamento de tais dados, envolvendo opera\u00e7\u00f5es como a coleta, produ\u00e7\u00e3o, recep\u00e7\u00e3o, classifica\u00e7\u00e3o, utiliza\u00e7\u00e3o, acesso, reprodu\u00e7\u00e3o, transmiss\u00e3o, distribui\u00e7\u00e3o, processamento, arquivamento, armazenamento, avalia\u00e7\u00e3o ou controle da informa\u00e7\u00e3o, comunica\u00e7\u00e3o, transfer\u00eancia, difus\u00e3o ou extra\u00e7\u00e3o.<\/span><\/p>\n<p><b>Pol\u00edtica de Cookies &#8211; STETSOM<\/b><\/p>\n<p><span style=\"font-weight: 400;\">O que s\u00e3o cookies?<\/span><\/p>\n<p><span style=\"font-weight: 400;\">Como \u00e9 pr\u00e1tica comum em quase todos os sites profissionais, este site usa cookies, que s\u00e3o pequenos arquivos baixados no seu computador, para melhorar sua experi\u00eancia. Esta p\u00e1gina descreve quais informa\u00e7\u00f5es eles coletam, como as usamos e por que \u00e0s vezes precisamos armazenar esses cookies. Tamb\u00e9m compartilharemos como voc\u00ea pode impedir que esses cookies sejam armazenados, no entanto, isso pode fazer o downgrade ou &#8216;quebrar&#8217; certos elementos da funcionalidade do site.<\/span><\/p>\n<p><span style=\"font-weight: 400;\">Como usamos os cookies?<\/span><\/p>\n<p><span style=\"font-weight: 400;\">Utilizamos cookies por v\u00e1rios motivos, detalhados abaixo. Infelizmente, na maioria dos casos, n\u00e3o existem op\u00e7\u00f5es padr\u00e3o do setor para desativar os cookies sem desativar completamente a funcionalidade e os recursos que eles adicionam a este site. \u00c9 recomend\u00e1vel que voc\u00ea deixe todos os cookies se n\u00e3o tiver certeza se precisa ou n\u00e3o deles, caso sejam usados <\/span><span style=\"font-weight: 400;\">\u200b\u200b<\/span><span style=\"font-weight: 400;\">para fornecer um servi\u00e7o que voc\u00ea usa.<\/span><\/p>\n<p><span style=\"font-weight: 400;\">Desativar cookies<\/span><\/p>\n<p><span style=\"font-weight: 400;\">Voc\u00ea pode impedir a configura\u00e7\u00e3o de cookies ajustando as configura\u00e7\u00f5es do seu navegador (abaixo voc\u00ea encontrar\u00e1 alguns links sobre como remover cookies em alguns navegadores). Esteja ciente de que a desativa\u00e7\u00e3o de cookies afetar\u00e1 a funcionalidade deste e de muitos outros sites que voc\u00ea visita. A desativa\u00e7\u00e3o de cookies geralmente resultar\u00e1 na desativa\u00e7\u00e3o de determinadas funcionalidades e recursos deste site. Portanto, \u00e9 recomend\u00e1vel que voc\u00ea n\u00e3o desative os cookies.<\/span><\/p>\n<p><a href=\"https:\/\/support.mozilla.org\/pt-BR\/kb\/limpe-cookies-e-dados-de-sites-no-firefox\"><span style=\"font-weight: 400;\">Firefox<\/span><\/a><\/p>\n<p><a href=\"https:\/\/support.google.com\/chrome\/answer\/95647?co=GENIE.Platform%3DDesktop&amp;hl=pt-BR\"><span style=\"font-weight: 400;\">Chrome<\/span><\/a><\/p>\n<p><a href=\"https:\/\/support.apple.com\/pt-br\/guide\/safari\/sfri11471\/mac\"><span style=\"font-weight: 400;\">Safari<\/span><\/a><\/p>\n<p><a href=\"https:\/\/support.microsoft.com\/pt-br\/topic\/como-excluir-arquivos-de-cookie-no-internet-explorer-bca9446f-d873-78de-77ba-d42645fa52fc\"><span style=\"font-weight: 400;\">Internet<\/span><\/a><\/p>\n<p><a href=\"https:\/\/support.microsoft.com\/pt-br\/topic\/como-excluir-arquivos-de-cookie-no-internet-explorer-bca9446f-d873-78de-77ba-d42645fa52fc\"><span style=\"font-weight: 400;\">Explorer<\/span><\/a><\/p>\n<p><b>Cookies que definimos<\/b><\/p>\n<p><span style=\"font-weight: 400;\">Cookies relacionados ao login<\/span><\/p>\n<p><span style=\"font-weight: 400;\">Utilizamos cookies quando voc\u00ea est\u00e1 logado ou cadastrando o seu curr\u00edculo, para que possamos lembrar dessa a\u00e7\u00e3o. Isso evita que voc\u00ea precise fazer login sempre que visitar uma nova p\u00e1gina. Esses cookies s\u00e3o normalmente removidos ou limpos quando voc\u00ea efetua logout para garantir que voc\u00ea possa acessar apenas a recursos e \u00e1reas restritas ao efetuar login.<\/span><\/p>\n<p><span style=\"font-weight: 400;\">Cookies relacionados \u00e0 banners<\/span><\/p>\n<p><span style=\"font-weight: 400;\">Existir\u00e3o ocasi\u00f5es onde mostraremos um aviso de utilidade p\u00fablica aos nossos visitantes. Nessas ocasi\u00f5es, esses cookies ser\u00e3o utilizados para que o aviso seja exibido apenas no seu primeiro acesso. Esses cookies n\u00e3o s\u00e3o persistentes e ser\u00e3o removidos quando voc\u00ea fechar o seu navegador.<\/span><\/p>\n<p><span style=\"font-weight: 400;\">Cookies relacionados \u00e0 seguran\u00e7a<\/span><\/p>\n<p><span style=\"font-weight: 400;\">Utilizamos estes cookies para fornecer uma camada a mais de prote\u00e7\u00e3o. Eles armazenam tokens que s\u00e3o conferidos no servidor para evitar certos tipos de ataques.<\/span><\/p>\n<p><span style=\"font-weight: 400;\">Gerenciamento do consentimentos dos cookies<\/span><\/p>\n<p><span style=\"font-weight: 400;\">Utilizamos estes cookies para o gerenciamento do consentimento dos nossos visitantes sobre a nossa politica de cookies. Eles ser\u00e3o respons\u00e1veis por armazenar as suas escolhas sobre a nossa pol\u00edtica de cookies e identificar quando \u00e9 necess\u00e1rio exibir para o usu\u00e1rio a op\u00e7\u00e3o para aceitar os cookies.<\/span><\/p>\n<h2><\/h2>\n<table class=\"table\">\n<thead>\n<tr>\n<th><strong>Nome do cookie<\/strong><\/th>\n<th><strong>Descri\u00e7\u00e3o<\/strong><\/th>\n<th><strong>Categoria<\/strong><\/th>\n<th><strong>Dura\u00e7\u00e3o<\/strong><\/th>\n<\/tr>\n<\/thead>\n<tbody>\n<tr>\n<td>cookielawinfo-checkbox-analytics<\/td>\n<td>Este cookie \u00e9 definido pelo plug-in GDPR Cookie Consent. O cookie \u00e9 usado para armazenar o consentimento do usu\u00e1rio para os cookies na categoria &#8220;Analytics&#8221;.<\/td>\n<td>Analytics<\/td>\n<td><span style=\"font-weight: 400;\">11 Meses<\/span><\/td>\n<\/tr>\n<tr>\n<td>cookielawinfo-checkbox-functional<\/td>\n<td>O cookie \u00e9 definido pelo consentimento do cookie GDPR para registrar o consentimento do usu\u00e1rio para os cookies na categoria &#8220;Funcional&#8221;.<\/td>\n<td>Funcional<\/td>\n<td><span style=\"font-weight: 400;\">11 Meses<\/span><\/td>\n<\/tr>\n<tr>\n<td>cookielawinfo-checkbox-necessary<\/td>\n<td>Este cookie \u00e9 definido pelo plug-in GDPR Cookie Consent. Os cookies s\u00e3o usados \u200b\u200bpara armazenar o consentimento do usu\u00e1rio para os cookies na categoria &#8220;Necess\u00e1rio&#8221;.<\/td>\n<td>Ness\u00e1rio<\/td>\n<td><span style=\"font-weight: 400;\">11 Meses<\/span><\/td>\n<\/tr>\n<tr>\n<td>cookielawinfo-checkbox-others<\/td>\n<td>Este cookie \u00e9 definido pelo plug-in GDPR Cookie Consent. O cookie \u00e9 usado para armazenar o consentimento do usu\u00e1rio para os cookies na categoria &#8220;Outros&#8221;.<\/td>\n<td>Outros<\/td>\n<td><span style=\"font-weight: 400;\">11 Meses<\/span><\/td>\n<\/tr>\n<tr>\n<td>cookielawinfo-checkbox-performance<\/td>\n<td>Este cookie \u00e9 definido pelo plug-in GDPR Cookie Consent. O cookie \u00e9 usado para armazenar o consentimento do usu\u00e1rio para os cookies na categoria &#8220;Desempenho&#8221;.<\/td>\n<td>Desempenho<\/td>\n<td><span style=\"font-weight: 400;\">11 Meses<\/span><\/td>\n<\/tr>\n<tr>\n<td>CookieLawInfoConsent<\/td>\n<td>O cookie \u00e9 definido pelo plug-in GDPR Cookie Consent e \u00e9 usado para armazenar se o usu\u00e1rio consentiu ou n\u00e3o com o uso de cookies. Ele n\u00e3o armazena nenhum dado pessoal.<\/td>\n<td>Consentimento<\/td>\n<td><span style=\"font-weight: 400;\">11 Meses<\/span><\/td>\n<\/tr>\n<\/tbody>\n<\/table>\n<p><b>Mais informa\u00e7\u00f5es<\/b><\/p>\n<p><span style=\"font-weight: 400;\">Em caso de d\u00favidas entre em contato atrav\u00e9s do e-mail\u00a0ti@stetsom.com.br.<\/span><span style=\"font-weight: 400;\"><br \/>\n<\/span><span style=\"font-weight: 400;\">\u00daltima atualiza\u00e7\u00e3o em 13\/01\/2022.<\/span><\/p>","protected":false},"excerpt":{"rendered":"<p>A sua privacidade \u00e9 importante para n\u00f3s. \u00c9 pol\u00edtica do(a) STETSOM respeitar a sua privacidade em rela\u00e7\u00e3o a qualquer informa\u00e7\u00e3o sua que possamos coletar no site stetsom.com.br, e outros sites que possu\u00edmos e operamos. Solicitamos informa\u00e7\u00f5es pessoais apenas quando realmente precisamos delas para lhe fornecer um servi\u00e7o. Fazemo-lo por meios justos e legais, com o [&hellip;]<\/p>\n","protected":false},"author":50,"featured_media":0,"parent":0,"menu_order":0,"comment_status":"closed","ping_status":"closed","template":"","meta":[],"yoast_head":"<!-- This site is optimized with the Yoast SEO plugin v20.7 - https:\/\/yoast.com\/wordpress\/plugins\/seo\/ -->\n<title>Pol\u00edtica de Privacidade - Stetsom<\/title>\n<meta name=\"robots\" content=\"index, follow, max-snippet:-1, max-image-preview:large, max-video-preview:-1\" \/>\n<link rel=\"canonical\" href=\"https:\/\/stetsom.com.br\/politica-de-privacidade\/\" \/>\n<meta property=\"og:locale\" content=\"pt_BR\" \/>\n<meta property=\"og:type\" content=\"article\" \/>\n<meta property=\"og:title\" content=\"[:pt]Pol\u00edtica de Privacidade[:en]Privacy Policy[:es]Pol\u00edtica de Privacidad[:] - Stetsom\" \/>\n<meta property=\"og:description\" content=\"A sua privacidade \u00e9 importante para n\u00f3s. \u00c9 pol\u00edtica do(a) STETSOM respeitar a sua privacidade em rela\u00e7\u00e3o a qualquer informa\u00e7\u00e3o sua que possamos coletar no site stetsom.com.br, e outros sites que possu\u00edmos e operamos. Solicitamos informa\u00e7\u00f5es pessoais apenas quando realmente precisamos delas para lhe fornecer um servi\u00e7o. Fazemo-lo por meios justos e legais, com o [&hellip;]\" \/>\n<meta property=\"og:url\" content=\"https:\/\/stetsom.com.br\/politica-de-privacidade\/\" \/>\n<meta property=\"og:site_name\" content=\"Stetsom\" \/>\n<meta property=\"article:modified_time\" content=\"2024-05-13T11:57:29+00:00\" \/>\n<meta name=\"twitter:card\" content=\"summary_large_image\" \/>\n<meta name=\"twitter:label1\" content=\"Est. tempo de leitura\" \/>\n\t<meta name=\"twitter:data1\" content=\"6 minutos\" \/>\n<script type=\"application\/ld+json\" class=\"yoast-schema-graph\">{\"@context\":\"https:\/\/schema.org\",\"@graph\":[{\"@type\":\"WebPage\",\"@id\":\"https:\/\/stetsom.com.br\/politica-de-privacidade\/\",\"url\":\"https:\/\/stetsom.com.br\/politica-de-privacidade\/\",\"name\":\"[:pt]Pol\u00edtica de Privacidade[:en]Privacy Policy[:es]Pol\u00edtica de Privacidad[:] - Stetsom\",\"isPartOf\":{\"@id\":\"https:\/\/stetsom.com.br\/pt\/#website\"},\"datePublished\":\"2018-11-19T17:21:30+00:00\",\"dateModified\":\"2024-05-13T11:57:29+00:00\",\"breadcrumb\":{\"@id\":\"https:\/\/stetsom.com.br\/politica-de-privacidade\/#breadcrumb\"},\"inLanguage\":\"pt-BR\",\"potentialAction\":[{\"@type\":\"ReadAction\",\"target\":[\"https:\/\/stetsom.com.br\/politica-de-privacidade\/\"]}]},{\"@type\":\"BreadcrumbList\",\"@id\":\"https:\/\/stetsom.com.br\/politica-de-privacidade\/#breadcrumb\",\"itemListElement\":[{\"@type\":\"ListItem\",\"position\":1,\"name\":\"Home\",\"item\":\"https:\/\/stetsom.com.br\/pt\/\"},{\"@type\":\"ListItem\",\"position\":2,\"name\":\"Pol\u00edtica de Privacidade\"}]},{\"@type\":\"WebSite\",\"@id\":\"https:\/\/stetsom.com.br\/pt\/#website\",\"url\":\"https:\/\/stetsom.com.br\/pt\/\",\"name\":\"Stetsom\",\"description\":\"Stetsom\",\"potentialAction\":[{\"@type\":\"SearchAction\",\"target\":{\"@type\":\"EntryPoint\",\"urlTemplate\":\"https:\/\/stetsom.com.br\/pt\/?s={search_term_string}\"},\"query-input\":\"required name=search_term_string\"}],\"inLanguage\":\"pt-BR\"}]}<\/script>\n<!-- \/ Yoast SEO plugin. -->","yoast_head_json":{"title":"[:pt]Pol\u00edtica de Privacidade[:en]Privacy Policy[:es]Pol\u00edtica de Privacidad[:] - Stetsom","robots":{"index":"index","follow":"follow","max-snippet":"max-snippet:-1","max-image-preview":"max-image-preview:large","max-video-preview":"max-video-preview:-1"},"canonical":"https:\/\/stetsom.com.br\/politica-de-privacidade\/","og_locale":"pt_BR","og_type":"article","og_title":"[:pt]Pol\u00edtica de Privacidade[:en]Privacy Policy[:es]Pol\u00edtica de Privacidad[:] - Stetsom","og_description":"A sua privacidade \u00e9 importante para n\u00f3s. \u00c9 pol\u00edtica do(a) STETSOM respeitar a sua privacidade em rela\u00e7\u00e3o a qualquer informa\u00e7\u00e3o sua que possamos coletar no site stetsom.com.br, e outros sites que possu\u00edmos e operamos. Solicitamos informa\u00e7\u00f5es pessoais apenas quando realmente precisamos delas para lhe fornecer um servi\u00e7o. Fazemo-lo por meios justos e legais, com o [&hellip;]","og_url":"https:\/\/stetsom.com.br\/politica-de-privacidade\/","og_site_name":"Stetsom","article_modified_time":"2024-05-13T11:57:29+00:00","twitter_card":"summary_large_image","twitter_misc":{"Est. tempo de leitura":"6 minutos"},"schema":{"@context":"https:\/\/schema.org","@graph":[{"@type":"WebPage","@id":"https:\/\/stetsom.com.br\/politica-de-privacidade\/","url":"https:\/\/stetsom.com.br\/politica-de-privacidade\/","name":"[:pt]Pol\u00edtica de Privacidade[:en]Privacy Policy[:es]Pol\u00edtica de Privacidad[:] - Stetsom","isPartOf":{"@id":"https:\/\/stetsom.com.br\/pt\/#website"},"datePublished":"2018-11-19T17:21:30+00:00","dateModified":"2024-05-13T11:57:29+00:00","breadcrumb":{"@id":"https:\/\/stetsom.com.br\/politica-de-privacidade\/#breadcrumb"},"inLanguage":"pt-BR","potentialAction":[{"@type":"ReadAction","target":["https:\/\/stetsom.com.br\/politica-de-privacidade\/"]}]},{"@type":"BreadcrumbList","@id":"https:\/\/stetsom.com.br\/politica-de-privacidade\/#breadcrumb","itemListElement":[{"@type":"ListItem","position":1,"name":"Home","item":"https:\/\/stetsom.com.br\/pt\/"},{"@type":"ListItem","position":2,"name":"Pol\u00edtica de Privacidade"}]},{"@type":"WebSite","@id":"https:\/\/stetsom.com.br\/pt\/#website","url":"https:\/\/stetsom.com.br\/pt\/","name":"Stetsom","description":"Stetsom","potentialAction":[{"@type":"SearchAction","target":{"@type":"EntryPoint","urlTemplate":"https:\/\/stetsom.com.br\/pt\/?s={search_term_string}"},"query-input":"required name=search_term_string"}],"inLanguage":"pt-BR"}]}},"_links":{"self":[{"href":"https:\/\/stetsom.com.br\/pt\/wp-json\/wp\/v2\/pages\/4385"}],"collection":[{"href":"https:\/\/stetsom.com.br\/pt\/wp-json\/wp\/v2\/pages"}],"about":[{"href":"https:\/\/stetsom.com.br\/pt\/wp-json\/wp\/v2\/types\/page"}],"author":[{"embeddable":true,"href":"https:\/\/stetsom.com.br\/pt\/wp-json\/wp\/v2\/users\/50"}],"replies":[{"embeddable":true,"href":"https:\/\/stetsom.com.br\/pt\/wp-json\/wp\/v2\/comments?post=4385"}],"version-history":[{"count":16,"href":"https:\/\/stetsom.com.br\/pt\/wp-json\/wp\/v2\/pages\/4385\/revisions"}],"predecessor-version":[{"id":6580,"href":"https:\/\/stetsom.com.br\/pt\/wp-json\/wp\/v2\/pages\/4385\/revisions\/6580"}],"wp:attachment":[{"href":"https:\/\/stetsom.com.br\/pt\/wp-json\/wp\/v2\/media?parent=4385"}],"curies":[{"name":"wp","href":"https:\/\/api.w.org\/{rel}","templated":true}]}}