{"id":5750,"date":"2022-12-13T18:05:06","date_gmt":"2022-12-13T18:05:06","guid":{"rendered":"https:\/\/stetsom.com.br\/?page_id=5750"},"modified":"2024-05-13T11:47:09","modified_gmt":"2024-05-13T11:47:09","slug":"lgpd","status":"publish","type":"page","link":"https:\/\/stetsom.com.br\/pt\/lgpd\/","title":{"rendered":"LGPD"},"content":{"rendered":"<p>A Lei n\u00ba 13.709\/2018 \u2013 Lei Geral de Prote\u00e7\u00e3o de Dados (LGPD) tem como escopo proteger os direitos fundamentais de liberdade e privacidade, bem como o livre desenvolvimento da personalidade da pessoa natural, por isto protege os dados pessoais (sens\u00edveis ou n\u00e3o).<\/p>\n<p>Os dados sens\u00edveis s\u00e3o aqueles que dizem respeito a origem racial ou \u00e9tnica, opini\u00f5es pol\u00edticas, religiosas ou filos\u00f3ficas, quest\u00f5es gen\u00e9ticas, biom\u00e9tricas e sobre a sa\u00fade ou op\u00e7\u00e3o sexual da pessoa.<\/p>\n<p>J\u00e1 os dados n\u00e3o sens\u00edveis s\u00e3o aqueles capazes de identificar algu\u00e9m, tais como: I) nome; II) RG; III) CPF; IV) endere\u00e7o; V) data de nascimento etc.<\/p>\n<p>Assim a LGPD, tem como foco a cria\u00e7\u00e3o de um cen\u00e1rio de seguran\u00e7a a estes dados, trazendo para isto regulamentos e normas que devem ser seguidos por todos aqueles que realizam o tratamento de dados, que consiste na: I) coleta; II) produ\u00e7\u00e3o; III) recep\u00e7\u00e3o; IV) classifica\u00e7\u00e3o; V) utiliza\u00e7\u00e3o; VI) acesso; VII) reprodu\u00e7\u00e3o; VIII) transmiss\u00e3o; IX) distribui\u00e7\u00e3o; X) processamento; XI) arquivamento; XII) armazenamento; XIII) elimina\u00e7\u00e3o; XIV) avalia\u00e7\u00e3o ou controle da informa\u00e7\u00e3o; XV) modifica\u00e7\u00e3o; XVI) comunica\u00e7\u00e3o; XVII) transfer\u00eancia difus\u00e3o ou extra\u00e7\u00e3o de dados pessoais.<\/p>\n<p>Para que o tratamento de dados seja realizado, \u00e9 obrigat\u00f3rio que o titular de dados d\u00ea seu consentimento, s\u00f3 assim \u00e9 iniciado o processo de tratamento dos dados pessoais.<\/p>\n<p>A <strong>STETSOM INDUSTRIA ELETR\u00d4NICA LTDA<\/strong>\u00a0busca constantemente estar adequada \u00e0s normas de prote\u00e7\u00e3o de dados e seguran\u00e7a da informa\u00e7\u00e3o e por estes motivos \u00e9 que solicita a todos os usu\u00e1rios de suas plataformas o aceite para realizar a coleta de dados atrav\u00e9s de cookies e demais meios, em todos os contatos realizados por terceiros com a empresa.<\/p>\n<p>Fique tranquilo, todos os dados pessoais coletados pela Stetsom s\u00e3o tratados de maneira segura, conforme determina a LGPD e as demais normas que tratam da seguran\u00e7a da informa\u00e7\u00e3o.<\/p>\n<p>\u00c9 importante voc\u00ea saber que n\u00f3s disponibilizamos um canal de den\u00fancias para que caso haja algum incidente de vazamento de dados, voc\u00ea entre em contato direto conosco, para que as providencias sejam tomadas!<\/p>\n<p>Desta forma, em caso de den\u00fancias ou d\u00favidas acerca da Lei Geral de Prote\u00e7\u00e3o de Dados, \u00e9 s\u00f3 entrar em contato conosco atrav\u00e9s do email <a href=\"mailto:denuncialgpd@stetsom.com.br\"><u>denuncialgpd@stetsom.com.br<\/u><\/a>.<\/p>\n<p>Todas as den\u00fancias encaminhadas pelo canal <strong><u><b>s\u00e3o estritamente confidenciais<\/b><\/u><\/strong>.<\/p>\n<p>Ao encaminhar a den\u00fancia, um procedimento de apura\u00e7\u00e3o \u00e9 imediatamente instaurado, no prazo de at\u00e9 30 (trinta) dias, a partir do recebimento da den\u00fancia.<\/p>","protected":false},"excerpt":{"rendered":"<p>A Lei n\u00ba 13.709\/2018 \u2013 Lei Geral de Prote\u00e7\u00e3o de Dados (LGPD) tem como escopo proteger os direitos fundamentais de liberdade e privacidade, bem como o livre desenvolvimento da personalidade da pessoa natural, por isto protege os dados pessoais (sens\u00edveis ou n\u00e3o). Os dados sens\u00edveis s\u00e3o aqueles que dizem respeito a origem racial ou \u00e9tnica, [&hellip;]<\/p>\n","protected":false},"author":50,"featured_media":0,"parent":0,"menu_order":0,"comment_status":"closed","ping_status":"closed","template":"","meta":[],"yoast_head":"<!-- This site is optimized with the Yoast SEO plugin v20.7 - https:\/\/yoast.com\/wordpress\/plugins\/seo\/ -->\n<title>LGPD - Stetsom<\/title>\n<meta name=\"robots\" content=\"index, follow, max-snippet:-1, max-image-preview:large, max-video-preview:-1\" \/>\n<link rel=\"canonical\" href=\"https:\/\/stetsom.com.br\/lgpd\/\" \/>\n<meta property=\"og:locale\" content=\"pt_BR\" \/>\n<meta property=\"og:type\" content=\"article\" \/>\n<meta property=\"og:title\" content=\"LGPD - Stetsom\" \/>\n<meta property=\"og:description\" content=\"A Lei n\u00ba 13.709\/2018 \u2013 Lei Geral de Prote\u00e7\u00e3o de Dados (LGPD) tem como escopo proteger os direitos fundamentais de liberdade e privacidade, bem como o livre desenvolvimento da personalidade da pessoa natural, por isto protege os dados pessoais (sens\u00edveis ou n\u00e3o). Os dados sens\u00edveis s\u00e3o aqueles que dizem respeito a origem racial ou \u00e9tnica, [&hellip;]\" \/>\n<meta property=\"og:url\" content=\"https:\/\/stetsom.com.br\/lgpd\/\" \/>\n<meta property=\"og:site_name\" content=\"Stetsom\" \/>\n<meta property=\"article:modified_time\" content=\"2024-05-13T11:47:09+00:00\" \/>\n<meta name=\"twitter:card\" content=\"summary_large_image\" \/>\n<meta name=\"twitter:label1\" content=\"Est. tempo de leitura\" \/>\n\t<meta name=\"twitter:data1\" content=\"3 minutos\" \/>\n<script type=\"application\/ld+json\" class=\"yoast-schema-graph\">{\"@context\":\"https:\/\/schema.org\",\"@graph\":[{\"@type\":\"WebPage\",\"@id\":\"https:\/\/stetsom.com.br\/lgpd\/\",\"url\":\"https:\/\/stetsom.com.br\/lgpd\/\",\"name\":\"LGPD - Stetsom\",\"isPartOf\":{\"@id\":\"https:\/\/stetsom.com.br\/pt\/#website\"},\"datePublished\":\"2022-12-13T18:05:06+00:00\",\"dateModified\":\"2024-05-13T11:47:09+00:00\",\"breadcrumb\":{\"@id\":\"https:\/\/stetsom.com.br\/lgpd\/#breadcrumb\"},\"inLanguage\":\"pt-BR\",\"potentialAction\":[{\"@type\":\"ReadAction\",\"target\":[\"https:\/\/stetsom.com.br\/lgpd\/\"]}]},{\"@type\":\"BreadcrumbList\",\"@id\":\"https:\/\/stetsom.com.br\/lgpd\/#breadcrumb\",\"itemListElement\":[{\"@type\":\"ListItem\",\"position\":1,\"name\":\"Home\",\"item\":\"https:\/\/stetsom.com.br\/pt\/\"},{\"@type\":\"ListItem\",\"position\":2,\"name\":\"LGPD\"}]},{\"@type\":\"WebSite\",\"@id\":\"https:\/\/stetsom.com.br\/pt\/#website\",\"url\":\"https:\/\/stetsom.com.br\/pt\/\",\"name\":\"Stetsom\",\"description\":\"Stetsom\",\"potentialAction\":[{\"@type\":\"SearchAction\",\"target\":{\"@type\":\"EntryPoint\",\"urlTemplate\":\"https:\/\/stetsom.com.br\/pt\/?s={search_term_string}\"},\"query-input\":\"required name=search_term_string\"}],\"inLanguage\":\"pt-BR\"}]}<\/script>\n<!-- \/ Yoast SEO plugin. -->","yoast_head_json":{"title":"LGPD - Stetsom","robots":{"index":"index","follow":"follow","max-snippet":"max-snippet:-1","max-image-preview":"max-image-preview:large","max-video-preview":"max-video-preview:-1"},"canonical":"https:\/\/stetsom.com.br\/lgpd\/","og_locale":"pt_BR","og_type":"article","og_title":"LGPD - Stetsom","og_description":"A Lei n\u00ba 13.709\/2018 \u2013 Lei Geral de Prote\u00e7\u00e3o de Dados (LGPD) tem como escopo proteger os direitos fundamentais de liberdade e privacidade, bem como o livre desenvolvimento da personalidade da pessoa natural, por isto protege os dados pessoais (sens\u00edveis ou n\u00e3o). Os dados sens\u00edveis s\u00e3o aqueles que dizem respeito a origem racial ou \u00e9tnica, [&hellip;]","og_url":"https:\/\/stetsom.com.br\/lgpd\/","og_site_name":"Stetsom","article_modified_time":"2024-05-13T11:47:09+00:00","twitter_card":"summary_large_image","twitter_misc":{"Est. tempo de leitura":"3 minutos"},"schema":{"@context":"https:\/\/schema.org","@graph":[{"@type":"WebPage","@id":"https:\/\/stetsom.com.br\/lgpd\/","url":"https:\/\/stetsom.com.br\/lgpd\/","name":"LGPD - Stetsom","isPartOf":{"@id":"https:\/\/stetsom.com.br\/pt\/#website"},"datePublished":"2022-12-13T18:05:06+00:00","dateModified":"2024-05-13T11:47:09+00:00","breadcrumb":{"@id":"https:\/\/stetsom.com.br\/lgpd\/#breadcrumb"},"inLanguage":"pt-BR","potentialAction":[{"@type":"ReadAction","target":["https:\/\/stetsom.com.br\/lgpd\/"]}]},{"@type":"BreadcrumbList","@id":"https:\/\/stetsom.com.br\/lgpd\/#breadcrumb","itemListElement":[{"@type":"ListItem","position":1,"name":"Home","item":"https:\/\/stetsom.com.br\/pt\/"},{"@type":"ListItem","position":2,"name":"LGPD"}]},{"@type":"WebSite","@id":"https:\/\/stetsom.com.br\/pt\/#website","url":"https:\/\/stetsom.com.br\/pt\/","name":"Stetsom","description":"Stetsom","potentialAction":[{"@type":"SearchAction","target":{"@type":"EntryPoint","urlTemplate":"https:\/\/stetsom.com.br\/pt\/?s={search_term_string}"},"query-input":"required name=search_term_string"}],"inLanguage":"pt-BR"}]}},"_links":{"self":[{"href":"https:\/\/stetsom.com.br\/pt\/wp-json\/wp\/v2\/pages\/5750"}],"collection":[{"href":"https:\/\/stetsom.com.br\/pt\/wp-json\/wp\/v2\/pages"}],"about":[{"href":"https:\/\/stetsom.com.br\/pt\/wp-json\/wp\/v2\/types\/page"}],"author":[{"embeddable":true,"href":"https:\/\/stetsom.com.br\/pt\/wp-json\/wp\/v2\/users\/50"}],"replies":[{"embeddable":true,"href":"https:\/\/stetsom.com.br\/pt\/wp-json\/wp\/v2\/comments?post=5750"}],"version-history":[{"count":6,"href":"https:\/\/stetsom.com.br\/pt\/wp-json\/wp\/v2\/pages\/5750\/revisions"}],"predecessor-version":[{"id":6577,"href":"https:\/\/stetsom.com.br\/pt\/wp-json\/wp\/v2\/pages\/5750\/revisions\/6577"}],"wp:attachment":[{"href":"https:\/\/stetsom.com.br\/pt\/wp-json\/wp\/v2\/media?parent=5750"}],"curies":[{"name":"wp","href":"https:\/\/api.w.org\/{rel}","templated":true}]}}