{"id":6472,"date":"2024-03-08T12:37:52","date_gmt":"2024-03-08T12:37:52","guid":{"rendered":"https:\/\/stetsom.com.br\/?page_id=6472"},"modified":"2024-05-13T12:03:42","modified_gmt":"2024-05-13T12:03:42","slug":"politica-de-privacidade-para-aplicativos","status":"publish","type":"page","link":"https:\/\/stetsom.com.br\/pt\/politica-de-privacidade-para-aplicativos\/","title":{"rendered":"Pol\u00edtica de privacidade para aplicativos"},"content":{"rendered":"<p>A Stetsom fornece seus aplicativos de forma gratuita, prezando pelas boas praticas, usabilidade e satisfa\u00e7\u00e3o do cliente, o aplicativo deve ser usado de maneira correta e nos padr\u00f5es da sua respectiva loja de distribui\u00e7\u00e3o, podem ser encontrados em:<\/p>\n<p><a href=\"https:\/\/apps.apple.com\/br\/app\/stetsom-strobo-rgb\/id6462456657?l=en-GB\" target=\"_blank\" rel=\"noopener\">STROBO RGB para iOS<\/a><\/p>\n<p><a href=\"https:\/\/play.google.com\/store\/apps\/details?id=br.com.stetsom.stroboRgb\" target=\"_blank\" rel=\"noopener\">STROBO RGB para Android<\/a><\/p>\n<p><a href=\"https:\/\/apps.apple.com\/br\/app\/stetsom-stx2436bt-2022\/id1615834724?l=en-GB\" target=\"_blank\" rel=\"noopener\">STX2436BT 2022 para iOS<\/a><\/p>\n<p><a href=\"https:\/\/play.google.com\/store\/apps\/details?id=br.com.stetsom.stxbt\" target=\"_blank\" rel=\"noopener\">STX2436BT 2022 para Android<\/a><\/p>\n<p><a href=\"https:\/\/apps.apple.com\/br\/app\/stetsom-stx2436\/id1111288357?l=en-GB\" target=\"_blank\" rel=\"noopener\">STX2436BT 2016 para iOS<\/a><\/p>\n<p><a href=\"https:\/\/play.google.com\/store\/apps\/details?id=br.com.stetsom.stx2436\" target=\"_blank\" rel=\"noopener\">STX2436BT 2016 para Android<\/a><\/p>\n<p>&nbsp;<\/p>\n<p>Est\u00e1 pagina tem o intuito de informar seus visitantes sobre nossas pol\u00edticas de coleta, uso e divulga\u00e7\u00e3o de dados, caso decidir utilizar de nossos servi\u00e7os, voc\u00ea concorda com a coleta e uso de informa\u00e7\u00f5es em rela\u00e7\u00e3o a esta pol\u00edtica automaticamente.<\/p>\n<p>As informa\u00e7\u00f5es que coletamos s\u00e3o utilizadas para fornecer melhoria de servi\u00e7os e experi\u00eancias ao usu\u00e1rio, melhorando assim a rela\u00e7\u00e3o cliente &#8211; servi\u00e7o\/produto entre o usu\u00e1rio final e a Stetsom. N\u00e3o compartilhamos informa\u00e7\u00f5es publicamente ou com terceiros, exceto quando exigido por lei.<\/p>\n<p><strong>COLETA DE INFORMA\u00c7\u00d5ES<\/strong><\/p>\n<p>Para uma melhor experi\u00eancia, ao usar nosso Servi\u00e7o, poderemos exigir que voc\u00ea nos forne\u00e7a certas informa\u00e7\u00f5es.\u00a0As informa\u00e7\u00f5es que solicitamos ser\u00e3o retidas por n\u00f3s e utilizadas conforme descrito nesta pol\u00edtica de privacidade.<\/p>\n<p>O aplicativo tamb\u00e9m utiliza de servi\u00e7os terceiros como Firebase para coletar informa\u00e7\u00f5es.<\/p>\n<p>Segue link para acessar politica e privacidade de seus respectivo uso.<\/p>\n<p>Firebase \u2014 <a href=\"https:\/\/firebase.google.com\/support\/privacy\" target=\"_blank\" rel=\"noopener\">https:\/\/firebase.google.com\/support\/privacy<\/a><\/p>\n<p><strong>DADOS DE REGISTRO<\/strong><\/p>\n<p>Queremos informar que sempre que voc\u00ea utilizar nosso Servi\u00e7o, em caso de erro no aplicativo, coletamos dados e informa\u00e7\u00f5es (atrav\u00e9s de terceiros) em seu telefone chamados Log Data.\u00a0Esses dados de registro podem incluir informa\u00e7\u00f5es como o endere\u00e7o do protocolo de Internet (\u201cIP\u201d) do seu dispositivo, nome do dispositivo, vers\u00e3o do sistema operacional, a configura\u00e7\u00e3o do aplicativo ao utilizar nosso servi\u00e7o, a hora e a data de seu uso e outras estat\u00edsticas.<\/p>\n<p>Tamb\u00e9m coletamos informa\u00e7\u00f5es de usabilidade para aprimoramento de servi\u00e7os em seu desenvolvimento e ajuda ao usu\u00e1rio em suas aplicabilidades gerais.<\/p>\n<p><strong>ALTERA\u00c7\u00d5ES NA POLITICA DE PRIVACIDADE<\/strong><\/p>\n<p>Poderemos atualizar nossa Pol\u00edtica de Privacidade de tempos em tempos.\u00a0Portanto, \u00e9 aconselh\u00e1vel revisar esta p\u00e1gina periodicamente para verificar quaisquer altera\u00e7\u00f5es.\u00a0Iremos notific\u00e1-lo sobre quaisquer altera\u00e7\u00f5es publicando a nova Pol\u00edtica de Privacidade nesta p\u00e1gina.\u00a0Essas altera\u00e7\u00f5es entram em vigor imediatamente ap\u00f3s serem publicadas nesta p\u00e1gina. Tamb\u00e9m esta dispon\u00edvel na loja oficial de cada aplica\u00e7\u00e3o.<\/p>\n<p><strong>CONTATE &#8211; NOS<\/strong><\/p>\n<p>Se tiver alguma d\u00favida ou sugest\u00e3o sobre a nossa Pol\u00edtica de Privacidade, n\u00e3o hesite em contactar-nos, estaremos dispon\u00edveis na se\u00e7\u00e3o CONTATO do site.<\/p>","protected":false},"excerpt":{"rendered":"<p>A Stetsom fornece seus aplicativos de forma gratuita, prezando pelas boas praticas, usabilidade e satisfa\u00e7\u00e3o do cliente, o aplicativo deve ser usado de maneira correta e nos padr\u00f5es da sua respectiva loja de distribui\u00e7\u00e3o, podem ser encontrados em: STROBO RGB para iOS STROBO RGB para Android STX2436BT 2022 para iOS STX2436BT 2022 para Android STX2436BT [&hellip;]<\/p>\n","protected":false},"author":54,"featured_media":0,"parent":0,"menu_order":0,"comment_status":"closed","ping_status":"closed","template":"page-politica-de-privacidade.php","meta":[],"yoast_head":"<!-- This site is optimized with the Yoast SEO plugin v20.7 - https:\/\/yoast.com\/wordpress\/plugins\/seo\/ -->\n<title>Pol\u00edtica de privacidade para aplicativos - Stetsom<\/title>\n<meta name=\"robots\" content=\"index, follow, max-snippet:-1, max-image-preview:large, max-video-preview:-1\" \/>\n<link rel=\"canonical\" href=\"https:\/\/stetsom.com.br\/politica-de-privacidade-para-aplicativos\/\" \/>\n<meta property=\"og:locale\" content=\"pt_BR\" \/>\n<meta property=\"og:type\" content=\"article\" \/>\n<meta property=\"og:title\" content=\"[:pt]Pol\u00edtica de privacidade para aplicativos[:en]Application Privacy Policy[:es]Privacidad de Datos de Aplicaci\u00f3n[:] - Stetsom\" \/>\n<meta property=\"og:description\" content=\"A Stetsom fornece seus aplicativos de forma gratuita, prezando pelas boas praticas, usabilidade e satisfa\u00e7\u00e3o do cliente, o aplicativo deve ser usado de maneira correta e nos padr\u00f5es da sua respectiva loja de distribui\u00e7\u00e3o, podem ser encontrados em: STROBO RGB para iOS STROBO RGB para Android STX2436BT 2022 para iOS STX2436BT 2022 para Android STX2436BT [&hellip;]\" \/>\n<meta property=\"og:url\" content=\"https:\/\/stetsom.com.br\/politica-de-privacidade-para-aplicativos\/\" \/>\n<meta property=\"og:site_name\" content=\"Stetsom\" \/>\n<meta property=\"article:modified_time\" content=\"2024-05-13T12:03:42+00:00\" \/>\n<meta name=\"twitter:card\" content=\"summary_large_image\" \/>\n<meta name=\"twitter:label1\" content=\"Est. tempo de leitura\" \/>\n\t<meta name=\"twitter:data1\" content=\"3 minutos\" \/>\n<script type=\"application\/ld+json\" class=\"yoast-schema-graph\">{\"@context\":\"https:\/\/schema.org\",\"@graph\":[{\"@type\":\"WebPage\",\"@id\":\"https:\/\/stetsom.com.br\/politica-de-privacidade-para-aplicativos\/\",\"url\":\"https:\/\/stetsom.com.br\/politica-de-privacidade-para-aplicativos\/\",\"name\":\"[:pt]Pol\u00edtica de privacidade para aplicativos[:en]Application Privacy Policy[:es]Privacidad de Datos de Aplicaci\u00f3n[:] - Stetsom\",\"isPartOf\":{\"@id\":\"https:\/\/stetsom.com.br\/pt\/#website\"},\"datePublished\":\"2024-03-08T12:37:52+00:00\",\"dateModified\":\"2024-05-13T12:03:42+00:00\",\"breadcrumb\":{\"@id\":\"https:\/\/stetsom.com.br\/politica-de-privacidade-para-aplicativos\/#breadcrumb\"},\"inLanguage\":\"pt-BR\",\"potentialAction\":[{\"@type\":\"ReadAction\",\"target\":[\"https:\/\/stetsom.com.br\/politica-de-privacidade-para-aplicativos\/\"]}]},{\"@type\":\"BreadcrumbList\",\"@id\":\"https:\/\/stetsom.com.br\/politica-de-privacidade-para-aplicativos\/#breadcrumb\",\"itemListElement\":[{\"@type\":\"ListItem\",\"position\":1,\"name\":\"Home\",\"item\":\"https:\/\/stetsom.com.br\/pt\/\"},{\"@type\":\"ListItem\",\"position\":2,\"name\":\"Pol\u00edtica de privacidade para aplicativos\"}]},{\"@type\":\"WebSite\",\"@id\":\"https:\/\/stetsom.com.br\/pt\/#website\",\"url\":\"https:\/\/stetsom.com.br\/pt\/\",\"name\":\"Stetsom\",\"description\":\"Stetsom\",\"potentialAction\":[{\"@type\":\"SearchAction\",\"target\":{\"@type\":\"EntryPoint\",\"urlTemplate\":\"https:\/\/stetsom.com.br\/pt\/?s={search_term_string}\"},\"query-input\":\"required name=search_term_string\"}],\"inLanguage\":\"pt-BR\"}]}<\/script>\n<!-- \/ Yoast SEO plugin. -->","yoast_head_json":{"title":"[:pt]Pol\u00edtica de privacidade para aplicativos[:en]Application Privacy Policy[:es]Privacidad de Datos de Aplicaci\u00f3n[:] - Stetsom","robots":{"index":"index","follow":"follow","max-snippet":"max-snippet:-1","max-image-preview":"max-image-preview:large","max-video-preview":"max-video-preview:-1"},"canonical":"https:\/\/stetsom.com.br\/politica-de-privacidade-para-aplicativos\/","og_locale":"pt_BR","og_type":"article","og_title":"[:pt]Pol\u00edtica de privacidade para aplicativos[:en]Application Privacy Policy[:es]Privacidad de Datos de Aplicaci\u00f3n[:] - Stetsom","og_description":"A Stetsom fornece seus aplicativos de forma gratuita, prezando pelas boas praticas, usabilidade e satisfa\u00e7\u00e3o do cliente, o aplicativo deve ser usado de maneira correta e nos padr\u00f5es da sua respectiva loja de distribui\u00e7\u00e3o, podem ser encontrados em: STROBO RGB para iOS STROBO RGB para Android STX2436BT 2022 para iOS STX2436BT 2022 para Android STX2436BT [&hellip;]","og_url":"https:\/\/stetsom.com.br\/politica-de-privacidade-para-aplicativos\/","og_site_name":"Stetsom","article_modified_time":"2024-05-13T12:03:42+00:00","twitter_card":"summary_large_image","twitter_misc":{"Est. tempo de leitura":"3 minutos"},"schema":{"@context":"https:\/\/schema.org","@graph":[{"@type":"WebPage","@id":"https:\/\/stetsom.com.br\/politica-de-privacidade-para-aplicativos\/","url":"https:\/\/stetsom.com.br\/politica-de-privacidade-para-aplicativos\/","name":"[:pt]Pol\u00edtica de privacidade para aplicativos[:en]Application Privacy Policy[:es]Privacidad de Datos de Aplicaci\u00f3n[:] - Stetsom","isPartOf":{"@id":"https:\/\/stetsom.com.br\/pt\/#website"},"datePublished":"2024-03-08T12:37:52+00:00","dateModified":"2024-05-13T12:03:42+00:00","breadcrumb":{"@id":"https:\/\/stetsom.com.br\/politica-de-privacidade-para-aplicativos\/#breadcrumb"},"inLanguage":"pt-BR","potentialAction":[{"@type":"ReadAction","target":["https:\/\/stetsom.com.br\/politica-de-privacidade-para-aplicativos\/"]}]},{"@type":"BreadcrumbList","@id":"https:\/\/stetsom.com.br\/politica-de-privacidade-para-aplicativos\/#breadcrumb","itemListElement":[{"@type":"ListItem","position":1,"name":"Home","item":"https:\/\/stetsom.com.br\/pt\/"},{"@type":"ListItem","position":2,"name":"Pol\u00edtica de privacidade para aplicativos"}]},{"@type":"WebSite","@id":"https:\/\/stetsom.com.br\/pt\/#website","url":"https:\/\/stetsom.com.br\/pt\/","name":"Stetsom","description":"Stetsom","potentialAction":[{"@type":"SearchAction","target":{"@type":"EntryPoint","urlTemplate":"https:\/\/stetsom.com.br\/pt\/?s={search_term_string}"},"query-input":"required name=search_term_string"}],"inLanguage":"pt-BR"}]}},"_links":{"self":[{"href":"https:\/\/stetsom.com.br\/pt\/wp-json\/wp\/v2\/pages\/6472"}],"collection":[{"href":"https:\/\/stetsom.com.br\/pt\/wp-json\/wp\/v2\/pages"}],"about":[{"href":"https:\/\/stetsom.com.br\/pt\/wp-json\/wp\/v2\/types\/page"}],"author":[{"embeddable":true,"href":"https:\/\/stetsom.com.br\/pt\/wp-json\/wp\/v2\/users\/54"}],"replies":[{"embeddable":true,"href":"https:\/\/stetsom.com.br\/pt\/wp-json\/wp\/v2\/comments?post=6472"}],"version-history":[{"count":9,"href":"https:\/\/stetsom.com.br\/pt\/wp-json\/wp\/v2\/pages\/6472\/revisions"}],"predecessor-version":[{"id":6582,"href":"https:\/\/stetsom.com.br\/pt\/wp-json\/wp\/v2\/pages\/6472\/revisions\/6582"}],"wp:attachment":[{"href":"https:\/\/stetsom.com.br\/pt\/wp-json\/wp\/v2\/media?parent=6472"}],"curies":[{"name":"wp","href":"https:\/\/api.w.org\/{rel}","templated":true}]}}